{"id":101054,"date":"2021-05-01T17:50:11","date_gmt":"2021-05-01T17:50:11","guid":{"rendered":"https:\/\/united4cameroon.org\/?page_id=101054"},"modified":"2021-06-05T21:10:15","modified_gmt":"2021-06-05T21:10:15","slug":"store","status":"publish","type":"page","link":"https:\/\/united4cameroon.org\/en\/store\/","title":{"rendered":"Boutique"},"content":{"rendered":"\t\t<div data-elementor-type=\"wp-page\" data-elementor-id=\"101054\" class=\"elementor elementor-101054\" data-elementor-settings=\"{&quot;ha_cmc_init_switcher&quot;:&quot;no&quot;}\">\n\t\t\t\t\t\t<section class=\"elementor-section elementor-top-section elementor-element elementor-element-4fe309d elementor-section-boxed elementor-section-height-default elementor-section-height-default\" data-id=\"4fe309d\" data-element_type=\"section\" data-e-type=\"section\" data-settings=\"{&quot;_ha_eqh_enable&quot;:false}\">\n\t\t\t\t\t\t<div class=\"elementor-container elementor-column-gap-default\">\n\t\t\t\t\t<div class=\"elementor-column elementor-col-16 elementor-top-column elementor-element elementor-element-51aad1e column-style-top column-top\" data-id=\"51aad1e\" data-element_type=\"column\" data-e-type=\"column\">\n\t\t\t<div class=\"elementor-widget-wrap elementor-element-populated\">\n\t\t\t\t\t\t<div data-ha-element-link=\"{&quot;url&quot;:&quot;https:\\\/\\\/united4cameroon.org\\\/store\\\/3juillet2021&quot;,&quot;is_external&quot;:&quot;&quot;,&quot;nofollow&quot;:&quot;&quot;}\" style=\"cursor: pointer\" class=\"elementor-element elementor-element-a671ebc elementor-align-center elementor-widget elementor-widget-button\" data-id=\"a671ebc\" data-element_type=\"widget\" data-e-type=\"widget\" data-widget_type=\"button.default\">\n\t\t\t\t<div class=\"elementor-widget-container\">\n\t\t\t\t\t\t\t\t\t<div class=\"elementor-button-wrapper\">\n\t\t\t\t\t<a class=\"elementor-button elementor-button-link elementor-size-md\" href=\"https:\/\/united4cameroon.org\/store\/3juillet2021\">\n\t\t\t\t\t\t<span class=\"elementor-button-content-wrapper\">\n\t\t\t\t\t\t\t\t\t<span class=\"elementor-button-text\">3 juillet 2021<\/span>\n\t\t\t\t\t<\/span>\n\t\t\t\t\t<\/a>\n\t\t\t\t<\/div>\n\t\t\t\t\t\t\t\t<\/div>\n\t\t\t\t<\/div>\n\t\t\t\t\t<\/div>\n\t\t<\/div>\n\t\t\t\t<div class=\"elementor-column elementor-col-16 elementor-top-column elementor-element elementor-element-3d43c44 column-style-top column-top\" data-id=\"3d43c44\" data-element_type=\"column\" data-e-type=\"column\">\n\t\t\t<div class=\"elementor-widget-wrap elementor-element-populated\">\n\t\t\t\t\t\t<div data-ha-element-link=\"{&quot;url&quot;:&quot;https:\\\/\\\/united4cameroon.org\\\/store\\\/hommes&quot;,&quot;is_external&quot;:&quot;&quot;,&quot;nofollow&quot;:&quot;&quot;}\" style=\"cursor: pointer\" class=\"elementor-element elementor-element-05f66c2 elementor-align-center elementor-widget elementor-widget-button\" data-id=\"05f66c2\" data-element_type=\"widget\" data-e-type=\"widget\" data-widget_type=\"button.default\">\n\t\t\t\t<div class=\"elementor-widget-container\">\n\t\t\t\t\t\t\t\t\t<div class=\"elementor-button-wrapper\">\n\t\t\t\t\t<a class=\"elementor-button elementor-button-link elementor-size-md\" href=\"https:\/\/united4cameroon.org\/store\/hommes\">\n\t\t\t\t\t\t<span class=\"elementor-button-content-wrapper\">\n\t\t\t\t\t\t\t\t\t<span class=\"elementor-button-text\">Hommes<\/span>\n\t\t\t\t\t<\/span>\n\t\t\t\t\t<\/a>\n\t\t\t\t<\/div>\n\t\t\t\t\t\t\t\t<\/div>\n\t\t\t\t<\/div>\n\t\t\t\t\t<\/div>\n\t\t<\/div>\n\t\t\t\t<div class=\"elementor-column elementor-col-16 elementor-top-column elementor-element elementor-element-4edbd84 column-style-top column-top\" data-id=\"4edbd84\" data-element_type=\"column\" data-e-type=\"column\">\n\t\t\t<div class=\"elementor-widget-wrap elementor-element-populated\">\n\t\t\t\t\t\t<div data-ha-element-link=\"{&quot;url&quot;:&quot;https:\\\/\\\/united4cameroon.org\\\/store\\\/femmes&quot;,&quot;is_external&quot;:&quot;&quot;,&quot;nofollow&quot;:&quot;&quot;}\" style=\"cursor: pointer\" class=\"elementor-element elementor-element-90b2fa5 elementor-align-center elementor-widget elementor-widget-button\" data-id=\"90b2fa5\" data-element_type=\"widget\" data-e-type=\"widget\" data-widget_type=\"button.default\">\n\t\t\t\t<div class=\"elementor-widget-container\">\n\t\t\t\t\t\t\t\t\t<div class=\"elementor-button-wrapper\">\n\t\t\t\t\t<a class=\"elementor-button elementor-button-link elementor-size-md\" href=\"https:\/\/united4cameroon.org\/store\/femmes\">\n\t\t\t\t\t\t<span class=\"elementor-button-content-wrapper\">\n\t\t\t\t\t\t\t\t\t<span class=\"elementor-button-text\">Femmes<\/span>\n\t\t\t\t\t<\/span>\n\t\t\t\t\t<\/a>\n\t\t\t\t<\/div>\n\t\t\t\t\t\t\t\t<\/div>\n\t\t\t\t<\/div>\n\t\t\t\t\t<\/div>\n\t\t<\/div>\n\t\t\t\t<div class=\"elementor-column elementor-col-16 elementor-top-column elementor-element elementor-element-cf0ac17 column-style-top column-top\" data-id=\"cf0ac17\" data-element_type=\"column\" data-e-type=\"column\">\n\t\t\t<div class=\"elementor-widget-wrap elementor-element-populated\">\n\t\t\t\t\t\t<div data-ha-element-link=\"{&quot;url&quot;:&quot;https:\\\/\\\/united4cameroon.org\\\/store\\\/chaussures&quot;,&quot;is_external&quot;:&quot;&quot;,&quot;nofollow&quot;:&quot;&quot;}\" style=\"cursor: pointer\" class=\"elementor-element elementor-element-e4e894b elementor-align-center elementor-widget elementor-widget-button\" data-id=\"e4e894b\" data-element_type=\"widget\" data-e-type=\"widget\" data-widget_type=\"button.default\">\n\t\t\t\t<div class=\"elementor-widget-container\">\n\t\t\t\t\t\t\t\t\t<div class=\"elementor-button-wrapper\">\n\t\t\t\t\t<a class=\"elementor-button elementor-button-link elementor-size-md\" href=\"https:\/\/united4cameroon.org\/store\/chaussures\">\n\t\t\t\t\t\t<span class=\"elementor-button-content-wrapper\">\n\t\t\t\t\t\t\t\t\t<span class=\"elementor-button-text\">Chaussures<\/span>\n\t\t\t\t\t<\/span>\n\t\t\t\t\t<\/a>\n\t\t\t\t<\/div>\n\t\t\t\t\t\t\t\t<\/div>\n\t\t\t\t<\/div>\n\t\t\t\t\t<\/div>\n\t\t<\/div>\n\t\t\t\t<div class=\"elementor-column elementor-col-16 elementor-top-column elementor-element elementor-element-3bc0677 column-style-top column-top\" data-id=\"3bc0677\" data-element_type=\"column\" data-e-type=\"column\">\n\t\t\t<div class=\"elementor-widget-wrap elementor-element-populated\">\n\t\t\t\t\t\t<div data-ha-element-link=\"{&quot;url&quot;:&quot;https:\\\/\\\/united4cameroon.org\\\/store\\\/living\\\/&quot;,&quot;is_external&quot;:&quot;&quot;,&quot;nofollow&quot;:&quot;&quot;}\" style=\"cursor: pointer\" class=\"elementor-element elementor-element-4ef45a2 elementor-align-center elementor-widget elementor-widget-button\" data-id=\"4ef45a2\" data-element_type=\"widget\" data-e-type=\"widget\" data-widget_type=\"button.default\">\n\t\t\t\t<div class=\"elementor-widget-container\">\n\t\t\t\t\t\t\t\t\t<div class=\"elementor-button-wrapper\">\n\t\t\t\t\t<a class=\"elementor-button elementor-button-link elementor-size-md\" href=\"https:\/\/united4cameroon.org\/store\/living\/\">\n\t\t\t\t\t\t<span class=\"elementor-button-content-wrapper\">\n\t\t\t\t\t\t\t\t\t<span class=\"elementor-button-text\">Maison &amp; vie<\/span>\n\t\t\t\t\t<\/span>\n\t\t\t\t\t<\/a>\n\t\t\t\t<\/div>\n\t\t\t\t\t\t\t\t<\/div>\n\t\t\t\t<\/div>\n\t\t\t\t\t<\/div>\n\t\t<\/div>\n\t\t\t\t<div class=\"elementor-column elementor-col-16 elementor-top-column elementor-element elementor-element-7889d31 column-style-top column-top\" data-id=\"7889d31\" data-element_type=\"column\" data-e-type=\"column\">\n\t\t\t<div class=\"elementor-widget-wrap elementor-element-populated\">\n\t\t\t\t\t\t<div data-ha-element-link=\"{&quot;url&quot;:&quot;https:\\\/\\\/united4cameroon.org\\\/store\\\/accessoires\\\/&quot;,&quot;is_external&quot;:&quot;&quot;,&quot;nofollow&quot;:&quot;&quot;}\" style=\"cursor: pointer\" class=\"elementor-element elementor-element-adafc17 elementor-align-center elementor-widget elementor-widget-button\" data-id=\"adafc17\" data-element_type=\"widget\" data-e-type=\"widget\" data-widget_type=\"button.default\">\n\t\t\t\t<div class=\"elementor-widget-container\">\n\t\t\t\t\t\t\t\t\t<div class=\"elementor-button-wrapper\">\n\t\t\t\t\t<a class=\"elementor-button elementor-button-link elementor-size-md\" href=\"https:\/\/united4cameroon.org\/store\/accessoires\/\">\n\t\t\t\t\t\t<span class=\"elementor-button-content-wrapper\">\n\t\t\t\t\t\t\t\t\t<span class=\"elementor-button-text\">Accessoires<\/span>\n\t\t\t\t\t<\/span>\n\t\t\t\t\t<\/a>\n\t\t\t\t<\/div>\n\t\t\t\t\t\t\t\t<\/div>\n\t\t\t\t<\/div>\n\t\t\t\t\t<\/div>\n\t\t<\/div>\n\t\t\t\t\t<\/div>\n\t\t<\/section>\n\t\t\t\t<section class=\"elementor-section elementor-top-section elementor-element elementor-element-c8a9184 elementor-section-boxed elementor-section-height-default elementor-section-height-default\" data-id=\"c8a9184\" data-element_type=\"section\" data-e-type=\"section\" data-settings=\"{&quot;_ha_eqh_enable&quot;:false}\">\n\t\t\t\t\t\t<div class=\"elementor-container elementor-column-gap-default\">\n\t\t\t\t\t<div class=\"elementor-column elementor-col-100 elementor-top-column elementor-element elementor-element-3fe220e column-style-top column-top\" data-id=\"3fe220e\" data-element_type=\"column\" data-e-type=\"column\">\n\t\t\t<div class=\"elementor-widget-wrap elementor-element-populated\">\n\t\t\t\t\t\t<div class=\"elementor-element elementor-element-1b4c89d eael-product-grid-column-3 elementor-widget elementor-widget-eicon-woocommerce\" data-id=\"1b4c89d\" data-element_type=\"widget\" data-e-type=\"widget\" data-widget_type=\"eicon-woocommerce.default\">\n\t\t\t\t<div class=\"elementor-widget-container\">\n\t\t\t\t\t\n        <div class=\"eael-product-grid eael-product-simple masonry\" id=\"eael-product-grid\" data-widget-id=\"1b4c89d\" data-page-id=\"101054\" data-nonce=\"4dc9d1825f\" >\n            <div class=\"woocommerce\">\n                <ul class=\"products eael-post-appender eael-post-appender-1b4c89d\" data-ssi-desktop=\"no\" data-ssi-tablet=\"no\" data-ssi-mobile=\"no\" data-layout-mode=\"masonry\"> <li class=\"product \">\n<div class=\"eael-product-wrap\" data-src=\"\" data-src-hover=\"\">\n    <img fetchpriority=\"high\" decoding=\"async\" width=\"750\" height=\"510\" src=\"https:\/\/united4cameroon.org\/wp-content\/uploads\/2021\/06\/gre-a-gre-white-man-750x510.jpg\" class=\"attachment-woocommerce_thumbnail size-woocommerce_thumbnail wvs-archive-product-image\" alt=\"NON au gr\u00e9 \u00e0 gr\u00e9 [ Blanc ]\" loading=\"eager\" \/><div class=\"eael-product-title\">\n    <a href=\"https:\/\/united4cameroon.org\/en\/product\/non-au-gre-a-gre-2\/\" class=\"woocommerce-LoopProduct-link woocommerce-loop-product__link\"><h2 class=\"woocommerce-loop-product__title\">NON au gr\u00e9 \u00e0 gr\u00e9 [ Blanc ]<\/h2><\/a>\n    <\/div><div class=\"eael-star-rating star-rating\"><span style=\"width:0%\">Rated <strong class=\"rating\">0<\/strong> out of 5<\/span><\/div><div class=\"eael-product-price\"><span class=\"woocommerce-Price-amount amount\"><bdi><span class=\"woocommerce-Price-currencySymbol\">&euro;<\/span>19.99<\/bdi><\/span><\/div>    <a rel=\"nofollow\" href=\"https:\/\/united4cameroon.org\/en\/product\/non-au-gre-a-gre-2\/\" data-quantity=\"1\" data-product_id=\"135928\" data-product_sku=\"\" class=\"button add_to_cart_button product_type_variable\"> Select options<\/a>    \n<\/div>\n\n<\/li> <li class=\"product \">\n<div class=\"eael-product-wrap\" data-src=\"\" data-src-hover=\"\">\n    <img decoding=\"async\" width=\"750\" height=\"510\" src=\"https:\/\/united4cameroon.org\/wp-content\/uploads\/2021\/06\/gre-a-gre-black-woman-750x510.jpg\" class=\"attachment-woocommerce_thumbnail size-woocommerce_thumbnail wvs-archive-product-image\" alt=\"Non au gr\u00e9 \u00e0 gr\u00e9 [ Noir ]\" loading=\"eager\" \/><div class=\"eael-product-title\">\n    <a href=\"https:\/\/united4cameroon.org\/en\/product\/non-au-gre-a-gre\/\" class=\"woocommerce-LoopProduct-link woocommerce-loop-product__link\"><h2 class=\"woocommerce-loop-product__title\">Non au gr\u00e9 \u00e0 gr\u00e9 [ Noir ]<\/h2><\/a>\n    <\/div><div class=\"eael-star-rating star-rating\"><span style=\"width:0%\">Rated <strong class=\"rating\">0<\/strong> out of 5<\/span><\/div><div class=\"eael-product-price\"><span class=\"woocommerce-Price-amount amount\"><bdi><span class=\"woocommerce-Price-currencySymbol\">&euro;<\/span>19.99<\/bdi><\/span><\/div>    <a rel=\"nofollow\" href=\"https:\/\/united4cameroon.org\/en\/product\/non-au-gre-a-gre\/\" data-quantity=\"1\" data-product_id=\"135909\" data-product_sku=\"\" class=\"button add_to_cart_button product_type_variable\"> Select options<\/a>    \n<\/div>\n\n<\/li> <li class=\"product \">\n<div class=\"eael-product-wrap\" data-src=\"\" data-src-hover=\"\">\n    <img decoding=\"async\" width=\"750\" height=\"510\" src=\"https:\/\/united4cameroon.org\/wp-content\/uploads\/2021\/06\/democratie-black-woman-750x510.jpg\" class=\"attachment-woocommerce_thumbnail size-woocommerce_thumbnail wvs-archive-product-image\" alt=\"Pour la paix, la justice et la d\u00e9mocratie au Cameroun [ Noir ]\" loading=\"eager\" \/><div class=\"eael-product-title\">\n    <a href=\"https:\/\/united4cameroon.org\/en\/product\/pour-la-paix-la-justice-et-la-democratie-au-cameroun-2\/\" class=\"woocommerce-LoopProduct-link woocommerce-loop-product__link\"><h2 class=\"woocommerce-loop-product__title\">Pour la paix, la justice et la d\u00e9mocratie au Cameroun [ Noir ]<\/h2><\/a>\n    <\/div><div class=\"eael-star-rating star-rating\"><span style=\"width:0%\">Rated <strong class=\"rating\">0<\/strong> out of 5<\/span><\/div><div class=\"eael-product-price\"><span class=\"woocommerce-Price-amount amount\"><bdi><span class=\"woocommerce-Price-currencySymbol\">&euro;<\/span>19.99<\/bdi><\/span><\/div>    <a rel=\"nofollow\" href=\"https:\/\/united4cameroon.org\/en\/product\/pour-la-paix-la-justice-et-la-democratie-au-cameroun-2\/\" data-quantity=\"1\" data-product_id=\"134660\" data-product_sku=\"\" class=\"button add_to_cart_button product_type_variable\"> Select options<\/a>    \n<\/div>\n\n<\/li> <li class=\"product \">\n<div class=\"eael-product-wrap\" data-src=\"\" data-src-hover=\"\">\n    <img decoding=\"async\" width=\"750\" height=\"510\" src=\"https:\/\/united4cameroon.org\/wp-content\/uploads\/2021\/06\/democratie-white-man-750x510.jpg\" class=\"attachment-woocommerce_thumbnail size-woocommerce_thumbnail wvs-archive-product-image\" alt=\"Pour la paix, la justice et la d\u00e9mocratie au Cameroun [ Blanc ]\" loading=\"eager\" \/><div class=\"eael-product-title\">\n    <a href=\"https:\/\/united4cameroon.org\/en\/product\/pour-la-paix-la-justice-et-la-democratie-au-cameroun\/\" class=\"woocommerce-LoopProduct-link woocommerce-loop-product__link\"><h2 class=\"woocommerce-loop-product__title\">Pour la paix, la justice et la d\u00e9mocratie au Cameroun [ Blanc ]<\/h2><\/a>\n    <\/div><div class=\"eael-star-rating star-rating\"><span style=\"width:0%\">Rated <strong class=\"rating\">0<\/strong> out of 5<\/span><\/div><div class=\"eael-product-price\"><span class=\"woocommerce-Price-amount amount\"><bdi><span class=\"woocommerce-Price-currencySymbol\">&euro;<\/span>19.99<\/bdi><\/span><\/div>    <a rel=\"nofollow\" href=\"https:\/\/united4cameroon.org\/en\/product\/pour-la-paix-la-justice-et-la-democratie-au-cameroun\/\" data-quantity=\"1\" data-product_id=\"134617\" data-product_sku=\"\" class=\"button add_to_cart_button product_type_variable\"> Select options<\/a>    \n<\/div>\n\n<\/li> <li class=\"product \">\n<div class=\"eael-product-wrap\" data-src=\"\" data-src-hover=\"\">\n    <img decoding=\"async\" width=\"750\" height=\"510\" src=\"https:\/\/united4cameroon.org\/wp-content\/uploads\/2021\/06\/prisonners-black-man-750x510.jpg\" class=\"attachment-woocommerce_thumbnail size-woocommerce_thumbnail wvs-archive-product-image\" alt=\"Pour la lib\u00e9ration des prisonniers politiques [ Noir ]\" loading=\"eager\" \/><div class=\"eael-product-title\">\n    <a href=\"https:\/\/united4cameroon.org\/en\/product\/t-shirt-pour-la-liberation-des-prisonniers-politiques\/\" class=\"woocommerce-LoopProduct-link woocommerce-loop-product__link\"><h2 class=\"woocommerce-loop-product__title\">Pour la lib\u00e9ration des prisonniers politiques [ Noir ]<\/h2><\/a>\n    <\/div><div class=\"eael-star-rating star-rating\"><span style=\"width:0%\">Rated <strong class=\"rating\">0<\/strong> out of 5<\/span><\/div><div class=\"eael-product-price\"><span class=\"woocommerce-Price-amount amount\"><bdi><span class=\"woocommerce-Price-currencySymbol\">&euro;<\/span>19.99<\/bdi><\/span><\/div>    <a rel=\"nofollow\" href=\"https:\/\/united4cameroon.org\/en\/product\/t-shirt-pour-la-liberation-des-prisonniers-politiques\/\" data-quantity=\"1\" data-product_id=\"134543\" data-product_sku=\"\" class=\"button add_to_cart_button product_type_variable\"> Select options<\/a>    \n<\/div>\n\n<\/li> <li class=\"product \">\n<div class=\"eael-product-wrap\" data-src=\"\" data-src-hover=\"\">\n    <img decoding=\"async\" width=\"750\" height=\"510\" src=\"https:\/\/united4cameroon.org\/wp-content\/uploads\/2021\/06\/prisonners-white-woman-750x510.jpg\" class=\"attachment-woocommerce_thumbnail size-woocommerce_thumbnail wvs-archive-product-image\" alt=\"Pour la lib\u00e9ration des prisonniers politiques [ Blanc ]\" loading=\"eager\" \/><div class=\"eael-product-title\">\n    <a href=\"https:\/\/united4cameroon.org\/en\/product\/t-shirt-pour-la-liberation-des-prisonniers-politiques-unisex\/\" class=\"woocommerce-LoopProduct-link woocommerce-loop-product__link\"><h2 class=\"woocommerce-loop-product__title\">Pour la lib\u00e9ration des prisonniers politiques [ Blanc ]<\/h2><\/a>\n    <\/div><div class=\"eael-star-rating star-rating\"><span style=\"width:0%\">Rated <strong class=\"rating\">0<\/strong> out of 5<\/span><\/div><div class=\"eael-product-price\"><span class=\"woocommerce-Price-amount amount\"><bdi><span class=\"woocommerce-Price-currencySymbol\">&euro;<\/span>19.99<\/bdi><\/span><\/div>    <a rel=\"nofollow\" href=\"https:\/\/united4cameroon.org\/en\/product\/t-shirt-pour-la-liberation-des-prisonniers-politiques-unisex\/\" data-quantity=\"1\" data-product_id=\"134518\" data-product_sku=\"\" class=\"button add_to_cart_button product_type_variable\"> Select options<\/a>    \n<\/div>\n\n<\/li> <li class=\"product \">\n<div class=\"eael-product-wrap\" data-src=\"\" data-src-hover=\"\">\n    <img decoding=\"async\" width=\"750\" height=\"510\" src=\"https:\/\/united4cameroon.org\/wp-content\/uploads\/2021\/06\/noso-stop-white-woman-1-750x510.jpg\" class=\"attachment-woocommerce_thumbnail size-woocommerce_thumbnail wvs-archive-product-image\" alt=\"STOP \u00e0 la guerre au NOSO [ Blanc ]\" loading=\"eager\" \/><div class=\"eael-product-title\">\n    <a href=\"https:\/\/united4cameroon.org\/en\/product\/t-shirt-stop-a-la-guerre-au-noso-unisex\/\" class=\"woocommerce-LoopProduct-link woocommerce-loop-product__link\"><h2 class=\"woocommerce-loop-product__title\">STOP \u00e0 la guerre au NOSO [ Blanc ]<\/h2><\/a>\n    <\/div><div class=\"eael-star-rating star-rating\"><span style=\"width:0%\">Rated <strong class=\"rating\">0<\/strong> out of 5<\/span><\/div><div class=\"eael-product-price\"><span class=\"woocommerce-Price-amount amount\"><bdi><span class=\"woocommerce-Price-currencySymbol\">&euro;<\/span>19.99<\/bdi><\/span><\/div>    <a rel=\"nofollow\" href=\"https:\/\/united4cameroon.org\/en\/product\/t-shirt-stop-a-la-guerre-au-noso-unisex\/\" data-quantity=\"1\" data-product_id=\"134499\" data-product_sku=\"\" class=\"button add_to_cart_button product_type_variable\"> Select options<\/a>    \n<\/div>\n\n<\/li> <li class=\"product \">\n<div class=\"eael-product-wrap\" data-src=\"\" data-src-hover=\"\">\n    <img decoding=\"async\" width=\"750\" height=\"510\" src=\"https:\/\/united4cameroon.org\/wp-content\/uploads\/2021\/06\/noso-stop-black-man-750x510.jpg\" class=\"attachment-woocommerce_thumbnail size-woocommerce_thumbnail wvs-archive-product-image\" alt=\"STOP \u00e0 la guerre au NOSO [ Noir ]\" loading=\"eager\" \/><div class=\"eael-product-title\">\n    <a href=\"https:\/\/united4cameroon.org\/en\/product\/stop-a-la-guerre-au-noso\/\" class=\"woocommerce-LoopProduct-link woocommerce-loop-product__link\"><h2 class=\"woocommerce-loop-product__title\">STOP \u00e0 la guerre au NOSO [ Noir ]<\/h2><\/a>\n    <\/div><div class=\"eael-star-rating star-rating\"><span style=\"width:0%\">Rated <strong class=\"rating\">0<\/strong> out of 5<\/span><\/div><div class=\"eael-product-price\"><span class=\"woocommerce-Price-amount amount\"><bdi><span class=\"woocommerce-Price-currencySymbol\">&euro;<\/span>19.99<\/bdi><\/span><\/div>    <a rel=\"nofollow\" href=\"https:\/\/united4cameroon.org\/en\/product\/stop-a-la-guerre-au-noso\/\" data-quantity=\"1\" data-product_id=\"134450\" data-product_sku=\"\" class=\"button add_to_cart_button product_type_variable\"> Select options<\/a>    \n<\/div>\n\n<\/li> <li class=\"product \">\n<div class=\"eael-product-wrap\" data-src=\"\" data-src-hover=\"\">\n    <img decoding=\"async\" width=\"750\" height=\"510\" src=\"https:\/\/united4cameroon.org\/wp-content\/uploads\/2021\/06\/03072021-black-man-750x510.jpg\" class=\"attachment-woocommerce_thumbnail size-woocommerce_thumbnail wvs-archive-product-image\" alt=\"T-shirt 3 juillet 2021 [ Noir ]\" loading=\"eager\" \/><div class=\"eael-product-title\">\n    <a href=\"https:\/\/united4cameroon.org\/en\/product\/t-shirt-3-juillet-2021-noir\/\" class=\"woocommerce-LoopProduct-link woocommerce-loop-product__link\"><h2 class=\"woocommerce-loop-product__title\">T-shirt 3 juillet 2021 [ Noir ]<\/h2><\/a>\n    <\/div><div class=\"eael-star-rating star-rating\"><span style=\"width:0%\">Rated <strong class=\"rating\">0<\/strong> out of 5<\/span><\/div><div class=\"eael-product-price\"><span class=\"woocommerce-Price-amount amount\"><bdi><span class=\"woocommerce-Price-currencySymbol\">&euro;<\/span>19.99<\/bdi><\/span><\/div>    <a rel=\"nofollow\" href=\"https:\/\/united4cameroon.org\/en\/product\/t-shirt-3-juillet-2021-noir\/\" data-quantity=\"1\" data-product_id=\"133259\" data-product_sku=\"\" class=\"button add_to_cart_button product_type_variable\"> Select options<\/a>    \n<\/div>\n\n<\/li> <li class=\"product \">\n<div class=\"eael-product-wrap\" data-src=\"\" data-src-hover=\"\">\n    <img decoding=\"async\" width=\"750\" height=\"510\" src=\"https:\/\/united4cameroon.org\/wp-content\/uploads\/2021\/06\/03072021-white-woman-750x510.jpg\" class=\"attachment-woocommerce_thumbnail size-woocommerce_thumbnail wvs-archive-product-image\" alt=\"T-shirt 3 juillet 2021 [ Blanc ]\" loading=\"eager\" \/><div class=\"eael-product-title\">\n    <a href=\"https:\/\/united4cameroon.org\/en\/product\/t-shirt-3-juillet-2021-blanc\/\" class=\"woocommerce-LoopProduct-link woocommerce-loop-product__link\"><h2 class=\"woocommerce-loop-product__title\">T-shirt 3 juillet 2021 [ Blanc ]<\/h2><\/a>\n    <\/div><div class=\"eael-star-rating star-rating\"><span style=\"width:0%\">Rated <strong class=\"rating\">0<\/strong> out of 5<\/span><\/div><div class=\"eael-product-price\"><span class=\"woocommerce-Price-amount amount\"><bdi><span class=\"woocommerce-Price-currencySymbol\">&euro;<\/span>19.99<\/bdi><\/span><\/div>    <a rel=\"nofollow\" href=\"https:\/\/united4cameroon.org\/en\/product\/t-shirt-3-juillet-2021-blanc\/\" data-quantity=\"1\" data-product_id=\"132609\" data-product_sku=\"\" class=\"button add_to_cart_button product_type_variable\"> Select options<\/a>    \n<\/div>\n\n<\/li><\/ul>            <\/div>\n        <\/div>\n\n        <script type=\"text\/javascript\">\n            jQuery(document).ready(function($) {\n                var $scope = jQuery(\".elementor-element-1b4c89d\");\n                var $products = $('.products', $scope);\n                var $layout_mode = $products.data('layout-mode');\n                \n                if ( $layout_mode === 'masonry' ) {\n                    \/\/ init isotope\n                    var $isotope_products = $products.isotope({\n                        itemSelector: \"li.product\",\n                        layoutMode: $layout_mode,\n                        percentPosition: true\n                    });\n\n                    $isotope_products.imagesLoaded().progress( function() {\n                        $isotope_products.isotope('layout');\n                    })\n                    \n                }\n            });\n        <\/script>\n        \t\t\t\t<\/div>\n\t\t\t\t<\/div>\n\t\t\t\t\t<\/div>\n\t\t<\/div>\n\t\t\t\t\t<\/div>\n\t\t<\/section>\n\t\t\t\t<\/div>\n\t\t","protected":false},"excerpt":{"rendered":"<p>3 juillet 2021 Hommes Femmes Chaussures Maison &#038; vie Accessoires NON au gr\u00e9 \u00e0 gr\u00e9 Note 0 sur 5&euro;19.99 Choix des options Non au gr\u00e9 \u00e0 gr\u00e9 Note 0 sur 5&euro;19.99 Choix des options Pour la paix, la justice et la d\u00e9mocratie au Cameroun Note 0 sur 5&euro;19.99 Choix des options Pour la paix, la [&hellip;]<\/p>\n","protected":false},"author":1,"featured_media":0,"parent":0,"menu_order":0,"comment_status":"closed","ping_status":"closed","template":"","meta":{"give_campaign_id":0,"footnotes":""},"class_list":["post-101054","page","type-page","status-publish","hentry"],"campaignId":"","_links":{"self":[{"href":"https:\/\/united4cameroon.org\/en\/wp-json\/wp\/v2\/pages\/101054","targetHints":{"allow":["GET"]}}],"collection":[{"href":"https:\/\/united4cameroon.org\/en\/wp-json\/wp\/v2\/pages"}],"about":[{"href":"https:\/\/united4cameroon.org\/en\/wp-json\/wp\/v2\/types\/page"}],"author":[{"embeddable":true,"href":"https:\/\/united4cameroon.org\/en\/wp-json\/wp\/v2\/users\/1"}],"replies":[{"embeddable":true,"href":"https:\/\/united4cameroon.org\/en\/wp-json\/wp\/v2\/comments?post=101054"}],"version-history":[{"count":125,"href":"https:\/\/united4cameroon.org\/en\/wp-json\/wp\/v2\/pages\/101054\/revisions"}],"predecessor-version":[{"id":141279,"href":"https:\/\/united4cameroon.org\/en\/wp-json\/wp\/v2\/pages\/101054\/revisions\/141279"}],"wp:attachment":[{"href":"https:\/\/united4cameroon.org\/en\/wp-json\/wp\/v2\/media?parent=101054"}],"curies":[{"name":"wp","href":"https:\/\/api.w.org\/{rel}","templated":true}]}}