{"id":104343,"date":"2021-05-03T14:10:04","date_gmt":"2021-05-03T14:10:04","guid":{"rendered":"https:\/\/united4cameroon.org\/?page_id=104343"},"modified":"2021-06-03T01:44:59","modified_gmt":"2021-06-03T01:44:59","slug":"hommes","status":"publish","type":"page","link":"https:\/\/united4cameroon.org\/en\/store\/hommes\/","title":{"rendered":"Hommes"},"content":{"rendered":"\t\t<div data-elementor-type=\"wp-page\" data-elementor-id=\"104343\" class=\"elementor elementor-104343\" data-elementor-settings=\"{&quot;ha_cmc_init_switcher&quot;:&quot;no&quot;}\">\n\t\t\t\t\t\t<section class=\"elementor-section elementor-top-section elementor-element elementor-element-7db922a6 elementor-section-boxed elementor-section-height-default elementor-section-height-default\" data-id=\"7db922a6\" data-element_type=\"section\" data-e-type=\"section\" data-settings=\"{&quot;_ha_eqh_enable&quot;:false}\">\n\t\t\t\t\t\t<div class=\"elementor-container elementor-column-gap-default\">\n\t\t\t\t\t<div class=\"elementor-column elementor-col-16 elementor-top-column elementor-element elementor-element-1c7afa4f column-style-top column-top\" data-id=\"1c7afa4f\" data-element_type=\"column\" data-e-type=\"column\">\n\t\t\t<div class=\"elementor-widget-wrap elementor-element-populated\">\n\t\t\t\t\t\t<div data-ha-element-link=\"{&quot;url&quot;:&quot;https:\\\/\\\/united4cameroon.org\\\/store\\\/3juillet2021&quot;,&quot;is_external&quot;:&quot;&quot;,&quot;nofollow&quot;:&quot;&quot;}\" style=\"cursor: pointer\" class=\"elementor-element elementor-element-1146d978 elementor-align-center elementor-widget elementor-widget-button\" data-id=\"1146d978\" data-element_type=\"widget\" data-e-type=\"widget\" data-widget_type=\"button.default\">\n\t\t\t\t<div class=\"elementor-widget-container\">\n\t\t\t\t\t\t\t\t\t<div class=\"elementor-button-wrapper\">\n\t\t\t\t\t<a class=\"elementor-button elementor-button-link elementor-size-md\" href=\"https:\/\/united4cameroon.org\/store\/3juillet2021\">\n\t\t\t\t\t\t<span class=\"elementor-button-content-wrapper\">\n\t\t\t\t\t\t\t\t\t<span class=\"elementor-button-text\">3 juillet 2021<\/span>\n\t\t\t\t\t<\/span>\n\t\t\t\t\t<\/a>\n\t\t\t\t<\/div>\n\t\t\t\t\t\t\t\t<\/div>\n\t\t\t\t<\/div>\n\t\t\t\t\t<\/div>\n\t\t<\/div>\n\t\t\t\t<div class=\"elementor-column elementor-col-16 elementor-top-column elementor-element elementor-element-75ecb579 column-style-top column-top\" data-id=\"75ecb579\" data-element_type=\"column\" data-e-type=\"column\">\n\t\t\t<div class=\"elementor-widget-wrap elementor-element-populated\">\n\t\t\t\t\t\t<div data-ha-element-link=\"{&quot;url&quot;:&quot;https:\\\/\\\/united4cameroon.org\\\/store\\\/hommes&quot;,&quot;is_external&quot;:&quot;&quot;,&quot;nofollow&quot;:&quot;&quot;}\" style=\"cursor: pointer\" class=\"elementor-element elementor-element-69681afe elementor-align-center elementor-widget elementor-widget-button\" data-id=\"69681afe\" data-element_type=\"widget\" data-e-type=\"widget\" data-widget_type=\"button.default\">\n\t\t\t\t<div class=\"elementor-widget-container\">\n\t\t\t\t\t\t\t\t\t<div class=\"elementor-button-wrapper\">\n\t\t\t\t\t<a class=\"elementor-button elementor-button-link elementor-size-md\" href=\"https:\/\/united4cameroon.org\/store\/hommes\">\n\t\t\t\t\t\t<span class=\"elementor-button-content-wrapper\">\n\t\t\t\t\t\t\t\t\t<span class=\"elementor-button-text\">Hommes<\/span>\n\t\t\t\t\t<\/span>\n\t\t\t\t\t<\/a>\n\t\t\t\t<\/div>\n\t\t\t\t\t\t\t\t<\/div>\n\t\t\t\t<\/div>\n\t\t\t\t\t<\/div>\n\t\t<\/div>\n\t\t\t\t<div class=\"elementor-column elementor-col-16 elementor-top-column elementor-element elementor-element-309356f column-style-top column-top\" data-id=\"309356f\" data-element_type=\"column\" data-e-type=\"column\">\n\t\t\t<div class=\"elementor-widget-wrap elementor-element-populated\">\n\t\t\t\t\t\t<div data-ha-element-link=\"{&quot;url&quot;:&quot;https:\\\/\\\/united4cameroon.org\\\/store\\\/femmes&quot;,&quot;is_external&quot;:&quot;&quot;,&quot;nofollow&quot;:&quot;&quot;}\" style=\"cursor: pointer\" class=\"elementor-element elementor-element-4861f814 elementor-align-center elementor-widget elementor-widget-button\" data-id=\"4861f814\" data-element_type=\"widget\" data-e-type=\"widget\" data-widget_type=\"button.default\">\n\t\t\t\t<div class=\"elementor-widget-container\">\n\t\t\t\t\t\t\t\t\t<div class=\"elementor-button-wrapper\">\n\t\t\t\t\t<a class=\"elementor-button elementor-button-link elementor-size-md\" href=\"https:\/\/united4cameroon.org\/store\/femmes\">\n\t\t\t\t\t\t<span class=\"elementor-button-content-wrapper\">\n\t\t\t\t\t\t\t\t\t<span class=\"elementor-button-text\">Femmes<\/span>\n\t\t\t\t\t<\/span>\n\t\t\t\t\t<\/a>\n\t\t\t\t<\/div>\n\t\t\t\t\t\t\t\t<\/div>\n\t\t\t\t<\/div>\n\t\t\t\t\t<\/div>\n\t\t<\/div>\n\t\t\t\t<div class=\"elementor-column elementor-col-16 elementor-top-column elementor-element elementor-element-4e2b1977 column-style-top column-top\" data-id=\"4e2b1977\" data-element_type=\"column\" data-e-type=\"column\">\n\t\t\t<div class=\"elementor-widget-wrap elementor-element-populated\">\n\t\t\t\t\t\t<div data-ha-element-link=\"{&quot;url&quot;:&quot;https:\\\/\\\/united4cameroon.org\\\/store\\\/chaussures&quot;,&quot;is_external&quot;:&quot;&quot;,&quot;nofollow&quot;:&quot;&quot;}\" style=\"cursor: pointer\" class=\"elementor-element elementor-element-712fc654 elementor-align-center elementor-widget elementor-widget-button\" data-id=\"712fc654\" data-element_type=\"widget\" data-e-type=\"widget\" data-widget_type=\"button.default\">\n\t\t\t\t<div class=\"elementor-widget-container\">\n\t\t\t\t\t\t\t\t\t<div class=\"elementor-button-wrapper\">\n\t\t\t\t\t<a class=\"elementor-button elementor-button-link elementor-size-md\" href=\"https:\/\/united4cameroon.org\/store\/chaussures\">\n\t\t\t\t\t\t<span class=\"elementor-button-content-wrapper\">\n\t\t\t\t\t\t\t\t\t<span class=\"elementor-button-text\">Chaussures<\/span>\n\t\t\t\t\t<\/span>\n\t\t\t\t\t<\/a>\n\t\t\t\t<\/div>\n\t\t\t\t\t\t\t\t<\/div>\n\t\t\t\t<\/div>\n\t\t\t\t\t<\/div>\n\t\t<\/div>\n\t\t\t\t<div class=\"elementor-column elementor-col-16 elementor-top-column elementor-element elementor-element-7b646221 column-style-top column-top\" data-id=\"7b646221\" data-element_type=\"column\" data-e-type=\"column\">\n\t\t\t<div class=\"elementor-widget-wrap elementor-element-populated\">\n\t\t\t\t\t\t<div data-ha-element-link=\"{&quot;url&quot;:&quot;https:\\\/\\\/united4cameroon.org\\\/store\\\/living\\\/&quot;,&quot;is_external&quot;:&quot;&quot;,&quot;nofollow&quot;:&quot;&quot;}\" style=\"cursor: pointer\" class=\"elementor-element elementor-element-6ad1bfed elementor-align-center elementor-widget elementor-widget-button\" data-id=\"6ad1bfed\" data-element_type=\"widget\" data-e-type=\"widget\" data-widget_type=\"button.default\">\n\t\t\t\t<div class=\"elementor-widget-container\">\n\t\t\t\t\t\t\t\t\t<div class=\"elementor-button-wrapper\">\n\t\t\t\t\t<a class=\"elementor-button elementor-button-link elementor-size-md\" href=\"https:\/\/united4cameroon.org\/store\/living\/\">\n\t\t\t\t\t\t<span class=\"elementor-button-content-wrapper\">\n\t\t\t\t\t\t\t\t\t<span class=\"elementor-button-text\">Maison &amp; vie<\/span>\n\t\t\t\t\t<\/span>\n\t\t\t\t\t<\/a>\n\t\t\t\t<\/div>\n\t\t\t\t\t\t\t\t<\/div>\n\t\t\t\t<\/div>\n\t\t\t\t\t<\/div>\n\t\t<\/div>\n\t\t\t\t<div class=\"elementor-column elementor-col-16 elementor-top-column elementor-element elementor-element-6920615f column-style-top column-top\" data-id=\"6920615f\" data-element_type=\"column\" data-e-type=\"column\">\n\t\t\t<div class=\"elementor-widget-wrap elementor-element-populated\">\n\t\t\t\t\t\t<div data-ha-element-link=\"{&quot;url&quot;:&quot;https:\\\/\\\/united4cameroon.org\\\/store\\\/accessoires\\\/&quot;,&quot;is_external&quot;:&quot;&quot;,&quot;nofollow&quot;:&quot;&quot;}\" style=\"cursor: pointer\" class=\"elementor-element elementor-element-4e63f2c6 elementor-align-center elementor-widget elementor-widget-button\" data-id=\"4e63f2c6\" data-element_type=\"widget\" data-e-type=\"widget\" data-widget_type=\"button.default\">\n\t\t\t\t<div class=\"elementor-widget-container\">\n\t\t\t\t\t\t\t\t\t<div class=\"elementor-button-wrapper\">\n\t\t\t\t\t<a class=\"elementor-button elementor-button-link elementor-size-md\" href=\"https:\/\/united4cameroon.org\/store\/accessoires\/\">\n\t\t\t\t\t\t<span class=\"elementor-button-content-wrapper\">\n\t\t\t\t\t\t\t\t\t<span class=\"elementor-button-text\">Accessoires<\/span>\n\t\t\t\t\t<\/span>\n\t\t\t\t\t<\/a>\n\t\t\t\t<\/div>\n\t\t\t\t\t\t\t\t<\/div>\n\t\t\t\t<\/div>\n\t\t\t\t\t<\/div>\n\t\t<\/div>\n\t\t\t\t\t<\/div>\n\t\t<\/section>\n\t\t\t\t<section class=\"elementor-section elementor-top-section elementor-element elementor-element-5733664 elementor-section-boxed elementor-section-height-default elementor-section-height-default\" data-id=\"5733664\" data-element_type=\"section\" data-e-type=\"section\" data-settings=\"{&quot;_ha_eqh_enable&quot;:false}\">\n\t\t\t\t\t\t<div class=\"elementor-container elementor-column-gap-default\">\n\t\t\t\t\t<div class=\"elementor-column elementor-col-100 elementor-top-column elementor-element elementor-element-a883755 column-style-top column-top\" data-id=\"a883755\" data-element_type=\"column\" data-e-type=\"column\">\n\t\t\t<div class=\"elementor-widget-wrap elementor-element-populated\">\n\t\t\t\t\t\t<div class=\"elementor-element elementor-element-6b5e452 eael-product-grid-column-3 elementor-widget elementor-widget-eicon-woocommerce\" data-id=\"6b5e452\" data-element_type=\"widget\" data-e-type=\"widget\" data-widget_type=\"eicon-woocommerce.default\">\n\t\t\t\t<div class=\"elementor-widget-container\">\n\t\t\t\t\t\n        <div class=\"eael-product-grid eael-product-simple masonry\" id=\"eael-product-grid\" data-widget-id=\"6b5e452\" data-page-id=\"104343\" data-nonce=\"25984f5391\" >\n            <div class=\"woocommerce\">\n                <ul class=\"products eael-post-appender eael-post-appender-6b5e452\" data-ssi-desktop=\"no\" data-ssi-tablet=\"no\" data-ssi-mobile=\"no\" data-layout-mode=\"masonry\"> <li class=\"product \">\n<div class=\"eael-product-wrap\" data-src=\"\" data-src-hover=\"\">\n    <img fetchpriority=\"high\" decoding=\"async\" width=\"750\" height=\"510\" src=\"https:\/\/united4cameroon.org\/wp-content\/uploads\/2021\/06\/68311-6-750x510.jpg\" class=\"attachment-woocommerce_thumbnail size-woocommerce_thumbnail wvs-archive-product-image\" alt=\"Joggers [ Lions ]\" loading=\"eager\" \/><div class=\"eael-product-title\">\n    <a href=\"https:\/\/united4cameroon.org\/en\/product\/joggers-lions\/\" class=\"woocommerce-LoopProduct-link woocommerce-loop-product__link\"><h2 class=\"woocommerce-loop-product__title\">Joggers [ Lions ]<\/h2><\/a>\n    <\/div><div class=\"eael-star-rating star-rating\"><span style=\"width:0%\">Rated <strong class=\"rating\">0<\/strong> out of 5<\/span><\/div><div class=\"eael-product-price\"><span class=\"woocommerce-Price-amount amount\"><bdi><span class=\"woocommerce-Price-currencySymbol\">&euro;<\/span>37.32<\/bdi><\/span><\/div>    <a rel=\"nofollow\" href=\"https:\/\/united4cameroon.org\/en\/product\/joggers-lions\/\" data-quantity=\"1\" data-product_id=\"129779\" data-product_sku=\"\" class=\"button add_to_cart_button product_type_variable\"> Select options<\/a>    \n<\/div>\n\n<\/li> <li class=\"product \">\n<div class=\"eael-product-wrap\" data-src=\"\" data-src-hover=\"\">\n    <img decoding=\"async\" width=\"750\" height=\"510\" src=\"https:\/\/united4cameroon.org\/wp-content\/uploads\/2021\/06\/63246-15-750x510.jpg\" class=\"attachment-woocommerce_thumbnail size-woocommerce_thumbnail wvs-archive-product-image\" alt=\"Sweat \u00e0 capuche zipp\u00e9 [ Lions | Gris ]\" loading=\"eager\" \/><div class=\"eael-product-title\">\n    <a href=\"https:\/\/united4cameroon.org\/en\/product\/sweat-a-capuche-zippe-lions-gris\/\" class=\"woocommerce-LoopProduct-link woocommerce-loop-product__link\"><h2 class=\"woocommerce-loop-product__title\">Sweat \u00e0 capuche zipp\u00e9 [ Lions | Gris ]<\/h2><\/a>\n    <\/div><div class=\"eael-star-rating star-rating\"><span style=\"width:0%\">Rated <strong class=\"rating\">0<\/strong> out of 5<\/span><\/div><div class=\"eael-product-price\"><span class=\"woocommerce-Price-amount amount\" aria-hidden=\"true\"><bdi><span class=\"woocommerce-Price-currencySymbol\">&euro;<\/span>89.75<\/bdi><\/span> <span aria-hidden=\"true\">&ndash;<\/span> <span class=\"woocommerce-Price-amount amount\" aria-hidden=\"true\"><bdi><span class=\"woocommerce-Price-currencySymbol\">&euro;<\/span>102.53<\/bdi><\/span><span class=\"screen-reader-text\">Price range: &euro;89.75 through &euro;102.53<\/span><\/div>    <a rel=\"nofollow\" href=\"https:\/\/united4cameroon.org\/en\/product\/sweat-a-capuche-zippe-lions-gris\/\" data-quantity=\"1\" data-product_id=\"129594\" data-product_sku=\"\" class=\"button add_to_cart_button product_type_variable\"> Select options<\/a>    \n<\/div>\n\n<\/li> <li class=\"product \">\n<div class=\"eael-product-wrap\" data-src=\"\" data-src-hover=\"\">\n    <img decoding=\"async\" width=\"750\" height=\"510\" src=\"https:\/\/united4cameroon.org\/wp-content\/uploads\/2021\/06\/63246-24-750x510.jpg\" class=\"attachment-woocommerce_thumbnail size-woocommerce_thumbnail wvs-archive-product-image\" alt=\"Sweat \u00e0 capuche zipp\u00e9 [ Lions | Jaune ]\" loading=\"eager\" \/><div class=\"eael-product-title\">\n    <a href=\"https:\/\/united4cameroon.org\/en\/product\/sweat-a-capuche-zippe-lions-jaune\/\" class=\"woocommerce-LoopProduct-link woocommerce-loop-product__link\"><h2 class=\"woocommerce-loop-product__title\">Sweat \u00e0 capuche zipp\u00e9 [ Lions | Jaune ]<\/h2><\/a>\n    <\/div><div class=\"eael-star-rating star-rating\"><span style=\"width:0%\">Rated <strong class=\"rating\">0<\/strong> out of 5<\/span><\/div><div class=\"eael-product-price\"><span class=\"woocommerce-Price-amount amount\" aria-hidden=\"true\"><bdi><span class=\"woocommerce-Price-currencySymbol\">&euro;<\/span>89.75<\/bdi><\/span> <span aria-hidden=\"true\">&ndash;<\/span> <span class=\"woocommerce-Price-amount amount\" aria-hidden=\"true\"><bdi><span class=\"woocommerce-Price-currencySymbol\">&euro;<\/span>102.53<\/bdi><\/span><span class=\"screen-reader-text\">Price range: &euro;89.75 through &euro;102.53<\/span><\/div>    <a rel=\"nofollow\" href=\"https:\/\/united4cameroon.org\/en\/product\/sweat-a-capuche-zippe-lions-jaune\/\" data-quantity=\"1\" data-product_id=\"129580\" data-product_sku=\"\" class=\"button add_to_cart_button product_type_variable\"> Select options<\/a>    \n<\/div>\n\n<\/li> <li class=\"product \">\n<div class=\"eael-product-wrap\" data-src=\"\" data-src-hover=\"\">\n    <img decoding=\"async\" width=\"750\" height=\"510\" src=\"https:\/\/united4cameroon.org\/wp-content\/uploads\/2021\/06\/18190-2-750x510.jpg\" class=\"attachment-woocommerce_thumbnail size-woocommerce_thumbnail wvs-archive-product-image\" alt=\"T-shirt unisexe \u00e0 manches courtes [ Lions ]\" loading=\"eager\" \/><div class=\"eael-product-title\">\n    <a href=\"https:\/\/united4cameroon.org\/en\/product\/copy-of-copy-of-unisex-jersey-short-sleeve-tee\/\" class=\"woocommerce-LoopProduct-link woocommerce-loop-product__link\"><h2 class=\"woocommerce-loop-product__title\">T-shirt unisexe \u00e0 manches courtes [ Lions ]<\/h2><\/a>\n    <\/div><div class=\"eael-star-rating star-rating\"><span style=\"width:0%\">Rated <strong class=\"rating\">0<\/strong> out of 5<\/span><\/div><div class=\"eael-product-price\"><span class=\"woocommerce-Price-amount amount\" aria-hidden=\"true\"><bdi><span class=\"woocommerce-Price-currencySymbol\">&euro;<\/span>22.42<\/bdi><\/span> <span aria-hidden=\"true\">&ndash;<\/span> <span class=\"woocommerce-Price-amount amount\" aria-hidden=\"true\"><bdi><span class=\"woocommerce-Price-currencySymbol\">&euro;<\/span>28.45<\/bdi><\/span><span class=\"screen-reader-text\">Price range: &euro;22.42 through &euro;28.45<\/span><\/div>    <a rel=\"nofollow\" href=\"https:\/\/united4cameroon.org\/en\/product\/copy-of-copy-of-unisex-jersey-short-sleeve-tee\/\" data-quantity=\"1\" data-product_id=\"104755\" data-product_sku=\"\" class=\"button add_to_cart_button product_type_variable\"> Select options<\/a>    \n<\/div>\n\n<\/li> <li class=\"product \">\n<div class=\"eael-product-wrap\" data-src=\"\" data-src-hover=\"\">\n    <img decoding=\"async\" width=\"750\" height=\"510\" src=\"https:\/\/united4cameroon.org\/wp-content\/uploads\/2021\/06\/45451-4-750x510.jpg\" class=\"attachment-woocommerce_thumbnail size-woocommerce_thumbnail wvs-archive-product-image\" alt=\"Veste pour hommes\" loading=\"eager\" \/><div class=\"eael-product-title\">\n    <a href=\"https:\/\/united4cameroon.org\/en\/product\/mens-varsity-jacket\/\" class=\"woocommerce-LoopProduct-link woocommerce-loop-product__link\"><h2 class=\"woocommerce-loop-product__title\">Veste pour hommes<\/h2><\/a>\n    <\/div><div class=\"eael-star-rating star-rating\"><span style=\"width:0%\">Rated <strong class=\"rating\">0<\/strong> out of 5<\/span><\/div><div class=\"eael-product-price\"><span class=\"woocommerce-Price-amount amount\" aria-hidden=\"true\"><bdi><span class=\"woocommerce-Price-currencySymbol\">&euro;<\/span>71.78<\/bdi><\/span> <span aria-hidden=\"true\">&ndash;<\/span> <span class=\"woocommerce-Price-amount amount\" aria-hidden=\"true\"><bdi><span class=\"woocommerce-Price-currencySymbol\">&euro;<\/span>79.25<\/bdi><\/span><span class=\"screen-reader-text\">Price range: &euro;71.78 through &euro;79.25<\/span><\/div>    <a rel=\"nofollow\" href=\"https:\/\/united4cameroon.org\/en\/product\/mens-varsity-jacket\/\" data-quantity=\"1\" data-product_id=\"103295\" data-product_sku=\"\" class=\"button add_to_cart_button product_type_variable\"> Select options<\/a>    \n<\/div>\n\n<\/li> <li class=\"product \">\n<div class=\"eael-product-wrap\" data-src=\"\" data-src-hover=\"\">\n    <img decoding=\"async\" width=\"750\" height=\"510\" src=\"https:\/\/united4cameroon.org\/wp-content\/uploads\/2021\/06\/63246-12-750x510.jpg\" class=\"attachment-woocommerce_thumbnail size-woocommerce_thumbnail wvs-archive-product-image\" alt=\"Sweat \u00e0 capuche zipp\u00e9 [ Lions | Noir ]\" loading=\"eager\" \/><div class=\"eael-product-title\">\n    <a href=\"https:\/\/united4cameroon.org\/en\/product\/aop-unisex-zip-hoodie\/\" class=\"woocommerce-LoopProduct-link woocommerce-loop-product__link\"><h2 class=\"woocommerce-loop-product__title\">Sweat \u00e0 capuche zipp\u00e9 [ Lions | Noir ]<\/h2><\/a>\n    <\/div><div class=\"eael-star-rating star-rating\"><span style=\"width:0%\">Rated <strong class=\"rating\">0<\/strong> out of 5<\/span><\/div><div class=\"eael-product-price\"><span class=\"woocommerce-Price-amount amount\" aria-hidden=\"true\"><bdi><span class=\"woocommerce-Price-currencySymbol\">&euro;<\/span>89.75<\/bdi><\/span> <span aria-hidden=\"true\">&ndash;<\/span> <span class=\"woocommerce-Price-amount amount\" aria-hidden=\"true\"><bdi><span class=\"woocommerce-Price-currencySymbol\">&euro;<\/span>102.53<\/bdi><\/span><span class=\"screen-reader-text\">Price range: &euro;89.75 through &euro;102.53<\/span><\/div>    <a rel=\"nofollow\" href=\"https:\/\/united4cameroon.org\/en\/product\/aop-unisex-zip-hoodie\/\" data-quantity=\"1\" data-product_id=\"102799\" data-product_sku=\"\" class=\"button add_to_cart_button product_type_variable\"> Select options<\/a>    \n<\/div>\n\n<\/li> <li class=\"product \">\n<div class=\"eael-product-wrap\" data-src=\"\" data-src-hover=\"\">\n    <img decoding=\"async\" width=\"750\" height=\"510\" src=\"https:\/\/united4cameroon.org\/wp-content\/uploads\/2021\/06\/68548-3-750x510.jpg\" class=\"attachment-woocommerce_thumbnail size-woocommerce_thumbnail wvs-archive-product-image\" alt=\"D\u00e9bardeur sans manches [ Lions ]\" loading=\"eager\" \/><div class=\"eael-product-title\">\n    <a href=\"https:\/\/united4cameroon.org\/en\/product\/unisex-barnard-tank\/\" class=\"woocommerce-LoopProduct-link woocommerce-loop-product__link\"><h2 class=\"woocommerce-loop-product__title\">D\u00e9bardeur sans manches [ Lions ]<\/h2><\/a>\n    <\/div><div class=\"eael-star-rating star-rating\"><span style=\"width:0%\">Rated <strong class=\"rating\">0<\/strong> out of 5<\/span><\/div><div class=\"eael-product-price\"><span class=\"woocommerce-Price-amount amount\" aria-hidden=\"true\"><bdi><span class=\"woocommerce-Price-currencySymbol\">&euro;<\/span>20.62<\/bdi><\/span> <span aria-hidden=\"true\">&ndash;<\/span> <span class=\"woocommerce-Price-amount amount\" aria-hidden=\"true\"><bdi><span class=\"woocommerce-Price-currencySymbol\">&euro;<\/span>22.27<\/bdi><\/span><span class=\"screen-reader-text\">Price range: &euro;20.62 through &euro;22.27<\/span><\/div>    <a rel=\"nofollow\" href=\"https:\/\/united4cameroon.org\/en\/product\/unisex-barnard-tank\/\" data-quantity=\"1\" data-product_id=\"102635\" data-product_sku=\"\" class=\"button add_to_cart_button product_type_variable\"> Select options<\/a>    \n<\/div>\n\n<\/li> <li class=\"product \">\n<div class=\"eael-product-wrap\" data-src=\"\" data-src-hover=\"\">\n    <img decoding=\"async\" width=\"750\" height=\"510\" src=\"https:\/\/united4cameroon.org\/wp-content\/uploads\/2021\/06\/45138-5-750x510.jpg\" class=\"attachment-woocommerce_thumbnail size-woocommerce_thumbnail wvs-archive-product-image\" alt=\"Casquettes\" loading=\"eager\" \/><div class=\"eael-product-title\">\n    <a href=\"https:\/\/united4cameroon.org\/en\/product\/unisex-flat-bill-hat\/\" class=\"woocommerce-LoopProduct-link woocommerce-loop-product__link\"><h2 class=\"woocommerce-loop-product__title\">Casquettes<\/h2><\/a>\n    <\/div><div class=\"eael-star-rating star-rating\"><span style=\"width:0%\">Rated <strong class=\"rating\">0<\/strong> out of 5<\/span><\/div><div class=\"eael-product-price\"><span class=\"woocommerce-Price-amount amount\"><bdi><span class=\"woocommerce-Price-currencySymbol\">&euro;<\/span>31.32<\/bdi><\/span><\/div>    <a rel=\"nofollow\" href=\"https:\/\/united4cameroon.org\/en\/product\/unisex-flat-bill-hat\/\" data-quantity=\"1\" data-product_id=\"101595\" data-product_sku=\"\" class=\"button add_to_cart_button product_type_variable\"> Select options<\/a>    \n<\/div>\n\n<\/li> <li class=\"product \">\n<div class=\"eael-product-wrap\" data-src=\"\" data-src-hover=\"\">\n    <img decoding=\"async\" width=\"750\" height=\"510\" src=\"https:\/\/united4cameroon.org\/wp-content\/uploads\/2021\/06\/44636-750x510.jpg\" class=\"attachment-woocommerce_thumbnail size-woocommerce_thumbnail wvs-archive-product-image\" alt=\"Sweat \u00e0 capuche [ Lions ]\" loading=\"eager\" \/><div class=\"eael-product-title\">\n    <a href=\"https:\/\/united4cameroon.org\/en\/product\/mens-nublend-hooded-sweatshirt\/\" class=\"woocommerce-LoopProduct-link woocommerce-loop-product__link\"><h2 class=\"woocommerce-loop-product__title\">Sweat \u00e0 capuche [ Lions ]<\/h2><\/a>\n    <\/div><div class=\"eael-star-rating star-rating\"><span style=\"width:0%\">Rated <strong class=\"rating\">0<\/strong> out of 5<\/span><\/div><div class=\"eael-product-price\"><span class=\"woocommerce-Price-amount amount\" aria-hidden=\"true\"><bdi><span class=\"woocommerce-Price-currencySymbol\">&euro;<\/span>25.67<\/bdi><\/span> <span aria-hidden=\"true\">&ndash;<\/span> <span class=\"woocommerce-Price-amount amount\" aria-hidden=\"true\"><bdi><span class=\"woocommerce-Price-currencySymbol\">&euro;<\/span>47.32<\/bdi><\/span><span class=\"screen-reader-text\">Price range: &euro;25.67 through &euro;47.32<\/span><\/div>    <a rel=\"nofollow\" href=\"https:\/\/united4cameroon.org\/en\/product\/mens-nublend-hooded-sweatshirt\/\" data-quantity=\"1\" data-product_id=\"101010\" data-product_sku=\"\" class=\"button add_to_cart_button product_type_variable\"> Select options<\/a>    \n<\/div>\n\n<\/li><\/ul>            <\/div>\n        <\/div>\n\n        <script type=\"text\/javascript\">\n            jQuery(document).ready(function($) {\n                var $scope = jQuery(\".elementor-element-6b5e452\");\n                var $products = $('.products', $scope);\n                var $layout_mode = $products.data('layout-mode');\n                \n                if ( $layout_mode === 'masonry' ) {\n                    \/\/ init isotope\n                    var $isotope_products = $products.isotope({\n                        itemSelector: \"li.product\",\n                        layoutMode: $layout_mode,\n                        percentPosition: true\n                    });\n\n                    $isotope_products.imagesLoaded().progress( function() {\n                        $isotope_products.isotope('layout');\n                    })\n                    \n                }\n            });\n        <\/script>\n        \t\t\t\t<\/div>\n\t\t\t\t<\/div>\n\t\t\t\t\t<\/div>\n\t\t<\/div>\n\t\t\t\t\t<\/div>\n\t\t<\/section>\n\t\t\t\t<\/div>\n\t\t","protected":false},"excerpt":{"rendered":"<p>3 juillet 2021 Hommes Femmes Chaussures Maison &#038; vie Accessoires Joggers [ Lions ] Note 0 sur 5&euro;37.32 Choix des options Sweat \u00e0 capuche zipp\u00e9 [ Lions | Gris ] Note 0 sur 5&euro;89.75 &ndash; &euro;102.53 Choix des options Sweat \u00e0 capuche zipp\u00e9 [ Lions | Jaune ] Note 0 sur 5&euro;89.75 &ndash; &euro;102.53 Choix [&hellip;]<\/p>\n","protected":false},"author":1,"featured_media":0,"parent":101054,"menu_order":1,"comment_status":"closed","ping_status":"closed","template":"","meta":{"give_campaign_id":0,"footnotes":""},"class_list":["post-104343","page","type-page","status-publish","hentry"],"campaignId":"","_links":{"self":[{"href":"https:\/\/united4cameroon.org\/en\/wp-json\/wp\/v2\/pages\/104343","targetHints":{"allow":["GET"]}}],"collection":[{"href":"https:\/\/united4cameroon.org\/en\/wp-json\/wp\/v2\/pages"}],"about":[{"href":"https:\/\/united4cameroon.org\/en\/wp-json\/wp\/v2\/types\/page"}],"author":[{"embeddable":true,"href":"https:\/\/united4cameroon.org\/en\/wp-json\/wp\/v2\/users\/1"}],"replies":[{"embeddable":true,"href":"https:\/\/united4cameroon.org\/en\/wp-json\/wp\/v2\/comments?post=104343"}],"version-history":[{"count":20,"href":"https:\/\/united4cameroon.org\/en\/wp-json\/wp\/v2\/pages\/104343\/revisions"}],"predecessor-version":[{"id":134875,"href":"https:\/\/united4cameroon.org\/en\/wp-json\/wp\/v2\/pages\/104343\/revisions\/134875"}],"up":[{"embeddable":true,"href":"https:\/\/united4cameroon.org\/en\/wp-json\/wp\/v2\/pages\/101054"}],"wp:attachment":[{"href":"https:\/\/united4cameroon.org\/en\/wp-json\/wp\/v2\/media?parent=104343"}],"curies":[{"name":"wp","href":"https:\/\/api.w.org\/{rel}","templated":true}]}}