{"id":132723,"date":"2021-06-02T01:09:42","date_gmt":"2021-06-02T01:09:42","guid":{"rendered":"https:\/\/united4cameroon.org\/?page_id=132723"},"modified":"2021-06-07T22:17:02","modified_gmt":"2021-06-07T22:17:02","slug":"3juillet2021","status":"publish","type":"page","link":"https:\/\/united4cameroon.org\/en\/store\/3juillet2021\/","title":{"rendered":"03 juillet 2021"},"content":{"rendered":"\t\t<div data-elementor-type=\"wp-page\" data-elementor-id=\"132723\" class=\"elementor elementor-132723\" data-elementor-settings=\"{&quot;ha_cmc_init_switcher&quot;:&quot;no&quot;}\">\n\t\t\t\t\t\t<section class=\"elementor-section elementor-top-section elementor-element elementor-element-485701a6 elementor-section-boxed elementor-section-height-default elementor-section-height-default\" data-id=\"485701a6\" data-element_type=\"section\" data-e-type=\"section\" data-settings=\"{&quot;_ha_eqh_enable&quot;:false}\">\n\t\t\t\t\t\t<div class=\"elementor-container elementor-column-gap-default\">\n\t\t\t\t\t<div class=\"elementor-column elementor-col-16 elementor-top-column elementor-element elementor-element-73df8bea column-style-top column-top\" data-id=\"73df8bea\" data-element_type=\"column\" data-e-type=\"column\">\n\t\t\t<div class=\"elementor-widget-wrap elementor-element-populated\">\n\t\t\t\t\t\t<div data-ha-element-link=\"{&quot;url&quot;:&quot;https:\\\/\\\/united4cameroon.org\\\/store\\\/3juillet2021&quot;,&quot;is_external&quot;:&quot;&quot;,&quot;nofollow&quot;:&quot;&quot;}\" style=\"cursor: pointer\" class=\"elementor-element elementor-element-6a4083be elementor-align-center elementor-widget elementor-widget-button\" data-id=\"6a4083be\" data-element_type=\"widget\" data-e-type=\"widget\" data-widget_type=\"button.default\">\n\t\t\t\t<div class=\"elementor-widget-container\">\n\t\t\t\t\t\t\t\t\t<div class=\"elementor-button-wrapper\">\n\t\t\t\t\t<a class=\"elementor-button elementor-button-link elementor-size-md\" href=\"https:\/\/united4cameroon.org\/store\/3juillet2021\">\n\t\t\t\t\t\t<span class=\"elementor-button-content-wrapper\">\n\t\t\t\t\t\t\t\t\t<span class=\"elementor-button-text\">3 juillet 2021<\/span>\n\t\t\t\t\t<\/span>\n\t\t\t\t\t<\/a>\n\t\t\t\t<\/div>\n\t\t\t\t\t\t\t\t<\/div>\n\t\t\t\t<\/div>\n\t\t\t\t\t<\/div>\n\t\t<\/div>\n\t\t\t\t<div class=\"elementor-column elementor-col-16 elementor-top-column elementor-element elementor-element-65712d07 column-style-top column-top\" data-id=\"65712d07\" data-element_type=\"column\" data-e-type=\"column\">\n\t\t\t<div class=\"elementor-widget-wrap elementor-element-populated\">\n\t\t\t\t\t\t<div data-ha-element-link=\"{&quot;url&quot;:&quot;https:\\\/\\\/united4cameroon.org\\\/store\\\/hommes&quot;,&quot;is_external&quot;:&quot;&quot;,&quot;nofollow&quot;:&quot;&quot;}\" style=\"cursor: pointer\" class=\"elementor-element elementor-element-5f3d7388 elementor-align-center elementor-widget elementor-widget-button\" data-id=\"5f3d7388\" data-element_type=\"widget\" data-e-type=\"widget\" data-widget_type=\"button.default\">\n\t\t\t\t<div class=\"elementor-widget-container\">\n\t\t\t\t\t\t\t\t\t<div class=\"elementor-button-wrapper\">\n\t\t\t\t\t<a class=\"elementor-button elementor-button-link elementor-size-md\" href=\"https:\/\/united4cameroon.org\/store\/hommes\">\n\t\t\t\t\t\t<span class=\"elementor-button-content-wrapper\">\n\t\t\t\t\t\t\t\t\t<span class=\"elementor-button-text\">Hommes<\/span>\n\t\t\t\t\t<\/span>\n\t\t\t\t\t<\/a>\n\t\t\t\t<\/div>\n\t\t\t\t\t\t\t\t<\/div>\n\t\t\t\t<\/div>\n\t\t\t\t\t<\/div>\n\t\t<\/div>\n\t\t\t\t<div class=\"elementor-column elementor-col-16 elementor-top-column elementor-element elementor-element-6ed20acc column-style-top column-top\" data-id=\"6ed20acc\" data-element_type=\"column\" data-e-type=\"column\">\n\t\t\t<div class=\"elementor-widget-wrap elementor-element-populated\">\n\t\t\t\t\t\t<div data-ha-element-link=\"{&quot;url&quot;:&quot;https:\\\/\\\/united4cameroon.org\\\/store\\\/femmes&quot;,&quot;is_external&quot;:&quot;&quot;,&quot;nofollow&quot;:&quot;&quot;}\" style=\"cursor: pointer\" class=\"elementor-element elementor-element-6382fb4d elementor-align-center elementor-widget elementor-widget-button\" data-id=\"6382fb4d\" data-element_type=\"widget\" data-e-type=\"widget\" data-widget_type=\"button.default\">\n\t\t\t\t<div class=\"elementor-widget-container\">\n\t\t\t\t\t\t\t\t\t<div class=\"elementor-button-wrapper\">\n\t\t\t\t\t<a class=\"elementor-button elementor-button-link elementor-size-md\" href=\"https:\/\/united4cameroon.org\/store\/femmes\">\n\t\t\t\t\t\t<span class=\"elementor-button-content-wrapper\">\n\t\t\t\t\t\t\t\t\t<span class=\"elementor-button-text\">Femmes<\/span>\n\t\t\t\t\t<\/span>\n\t\t\t\t\t<\/a>\n\t\t\t\t<\/div>\n\t\t\t\t\t\t\t\t<\/div>\n\t\t\t\t<\/div>\n\t\t\t\t\t<\/div>\n\t\t<\/div>\n\t\t\t\t<div class=\"elementor-column elementor-col-16 elementor-top-column elementor-element elementor-element-42207ff column-style-top column-top\" data-id=\"42207ff\" data-element_type=\"column\" data-e-type=\"column\">\n\t\t\t<div class=\"elementor-widget-wrap elementor-element-populated\">\n\t\t\t\t\t\t<div data-ha-element-link=\"{&quot;url&quot;:&quot;https:\\\/\\\/united4cameroon.org\\\/store\\\/chaussures&quot;,&quot;is_external&quot;:&quot;&quot;,&quot;nofollow&quot;:&quot;&quot;}\" style=\"cursor: pointer\" class=\"elementor-element elementor-element-6bf5d40b elementor-align-center elementor-widget elementor-widget-button\" data-id=\"6bf5d40b\" data-element_type=\"widget\" data-e-type=\"widget\" data-widget_type=\"button.default\">\n\t\t\t\t<div class=\"elementor-widget-container\">\n\t\t\t\t\t\t\t\t\t<div class=\"elementor-button-wrapper\">\n\t\t\t\t\t<a class=\"elementor-button elementor-button-link elementor-size-md\" href=\"https:\/\/united4cameroon.org\/store\/chaussures\">\n\t\t\t\t\t\t<span class=\"elementor-button-content-wrapper\">\n\t\t\t\t\t\t\t\t\t<span class=\"elementor-button-text\">Chaussures<\/span>\n\t\t\t\t\t<\/span>\n\t\t\t\t\t<\/a>\n\t\t\t\t<\/div>\n\t\t\t\t\t\t\t\t<\/div>\n\t\t\t\t<\/div>\n\t\t\t\t\t<\/div>\n\t\t<\/div>\n\t\t\t\t<div class=\"elementor-column elementor-col-16 elementor-top-column elementor-element elementor-element-162a5b89 column-style-top column-top\" data-id=\"162a5b89\" data-element_type=\"column\" data-e-type=\"column\">\n\t\t\t<div class=\"elementor-widget-wrap elementor-element-populated\">\n\t\t\t\t\t\t<div data-ha-element-link=\"{&quot;url&quot;:&quot;https:\\\/\\\/united4cameroon.org\\\/store\\\/living\\\/&quot;,&quot;is_external&quot;:&quot;&quot;,&quot;nofollow&quot;:&quot;&quot;}\" style=\"cursor: pointer\" class=\"elementor-element elementor-element-111bddfc elementor-align-center elementor-widget elementor-widget-button\" data-id=\"111bddfc\" data-element_type=\"widget\" data-e-type=\"widget\" data-widget_type=\"button.default\">\n\t\t\t\t<div class=\"elementor-widget-container\">\n\t\t\t\t\t\t\t\t\t<div class=\"elementor-button-wrapper\">\n\t\t\t\t\t<a class=\"elementor-button elementor-button-link elementor-size-md\" href=\"https:\/\/united4cameroon.org\/store\/living\/\">\n\t\t\t\t\t\t<span class=\"elementor-button-content-wrapper\">\n\t\t\t\t\t\t\t\t\t<span class=\"elementor-button-text\">Maison &amp; vie<\/span>\n\t\t\t\t\t<\/span>\n\t\t\t\t\t<\/a>\n\t\t\t\t<\/div>\n\t\t\t\t\t\t\t\t<\/div>\n\t\t\t\t<\/div>\n\t\t\t\t\t<\/div>\n\t\t<\/div>\n\t\t\t\t<div class=\"elementor-column elementor-col-16 elementor-top-column elementor-element elementor-element-52b2382f column-style-top column-top\" data-id=\"52b2382f\" data-element_type=\"column\" data-e-type=\"column\">\n\t\t\t<div class=\"elementor-widget-wrap elementor-element-populated\">\n\t\t\t\t\t\t<div data-ha-element-link=\"{&quot;url&quot;:&quot;https:\\\/\\\/united4cameroon.org\\\/store\\\/accessoires\\\/&quot;,&quot;is_external&quot;:&quot;&quot;,&quot;nofollow&quot;:&quot;&quot;}\" style=\"cursor: pointer\" class=\"elementor-element elementor-element-5671d186 elementor-align-center elementor-widget elementor-widget-button\" data-id=\"5671d186\" data-element_type=\"widget\" data-e-type=\"widget\" data-widget_type=\"button.default\">\n\t\t\t\t<div class=\"elementor-widget-container\">\n\t\t\t\t\t\t\t\t\t<div class=\"elementor-button-wrapper\">\n\t\t\t\t\t<a class=\"elementor-button elementor-button-link elementor-size-md\" href=\"https:\/\/united4cameroon.org\/store\/accessoires\/\">\n\t\t\t\t\t\t<span class=\"elementor-button-content-wrapper\">\n\t\t\t\t\t\t\t\t\t<span class=\"elementor-button-text\">Accessoires<\/span>\n\t\t\t\t\t<\/span>\n\t\t\t\t\t<\/a>\n\t\t\t\t<\/div>\n\t\t\t\t\t\t\t\t<\/div>\n\t\t\t\t<\/div>\n\t\t\t\t\t<\/div>\n\t\t<\/div>\n\t\t\t\t\t<\/div>\n\t\t<\/section>\n\t\t\t\t<section class=\"elementor-section elementor-top-section elementor-element elementor-element-5733664 elementor-section-boxed elementor-section-height-default elementor-section-height-default\" data-id=\"5733664\" data-element_type=\"section\" data-e-type=\"section\" data-settings=\"{&quot;_ha_eqh_enable&quot;:false}\">\n\t\t\t\t\t\t<div class=\"elementor-container elementor-column-gap-default\">\n\t\t\t\t\t<div class=\"elementor-column elementor-col-100 elementor-top-column elementor-element elementor-element-a883755 column-style-top column-top\" data-id=\"a883755\" data-element_type=\"column\" data-e-type=\"column\">\n\t\t\t<div class=\"elementor-widget-wrap elementor-element-populated\">\n\t\t\t\t\t\t<div class=\"elementor-element elementor-element-6b5e452 eael-product-grid-column-3 elementor-widget elementor-widget-eicon-woocommerce\" data-id=\"6b5e452\" data-element_type=\"widget\" data-e-type=\"widget\" data-widget_type=\"eicon-woocommerce.default\">\n\t\t\t\t<div class=\"elementor-widget-container\">\n\t\t\t\t\t\n        <div class=\"eael-product-grid eael-product-simple masonry\" id=\"eael-product-grid\" data-widget-id=\"6b5e452\" data-page-id=\"132723\" data-nonce=\"25984f5391\" >\n            <div class=\"woocommerce\">\n                <ul class=\"products eael-post-appender eael-post-appender-6b5e452\" data-ssi-desktop=\"no\" data-ssi-tablet=\"no\" data-ssi-mobile=\"no\" data-layout-mode=\"masonry\"> <li class=\"product \">\n<div class=\"eael-product-wrap\" data-src=\"\" data-src-hover=\"\">\n    <img fetchpriority=\"high\" decoding=\"async\" width=\"750\" height=\"510\" src=\"https:\/\/united4cameroon.org\/wp-content\/uploads\/2021\/06\/gre-a-gre-white-man-750x510.jpg\" class=\"attachment-woocommerce_thumbnail size-woocommerce_thumbnail wvs-archive-product-image\" alt=\"NON au gr\u00e9 \u00e0 gr\u00e9 [ Blanc ]\" loading=\"eager\" \/><div class=\"eael-product-title\">\n    <a href=\"https:\/\/united4cameroon.org\/en\/product\/non-au-gre-a-gre-2\/\" class=\"woocommerce-LoopProduct-link woocommerce-loop-product__link\"><h2 class=\"woocommerce-loop-product__title\">NON au gr\u00e9 \u00e0 gr\u00e9 [ Blanc ]<\/h2><\/a>\n    <\/div><div class=\"eael-star-rating star-rating\"><span style=\"width:0%\">Rated <strong class=\"rating\">0<\/strong> out of 5<\/span><\/div><div class=\"eael-product-price\"><span class=\"woocommerce-Price-amount amount\"><bdi><span class=\"woocommerce-Price-currencySymbol\">&euro;<\/span>19.99<\/bdi><\/span><\/div>    <a rel=\"nofollow\" href=\"https:\/\/united4cameroon.org\/en\/product\/non-au-gre-a-gre-2\/\" data-quantity=\"1\" data-product_id=\"135928\" data-product_sku=\"\" class=\"button add_to_cart_button product_type_variable\"> Select options<\/a>    \n<\/div>\n\n<\/li> <li class=\"product \">\n<div class=\"eael-product-wrap\" data-src=\"\" data-src-hover=\"\">\n    <img decoding=\"async\" width=\"750\" height=\"510\" src=\"https:\/\/united4cameroon.org\/wp-content\/uploads\/2021\/06\/gre-a-gre-black-woman-750x510.jpg\" class=\"attachment-woocommerce_thumbnail size-woocommerce_thumbnail wvs-archive-product-image\" alt=\"Non au gr\u00e9 \u00e0 gr\u00e9 [ Noir ]\" loading=\"eager\" \/><div class=\"eael-product-title\">\n    <a href=\"https:\/\/united4cameroon.org\/en\/product\/non-au-gre-a-gre\/\" class=\"woocommerce-LoopProduct-link woocommerce-loop-product__link\"><h2 class=\"woocommerce-loop-product__title\">Non au gr\u00e9 \u00e0 gr\u00e9 [ Noir ]<\/h2><\/a>\n    <\/div><div class=\"eael-star-rating star-rating\"><span style=\"width:0%\">Rated <strong class=\"rating\">0<\/strong> out of 5<\/span><\/div><div class=\"eael-product-price\"><span class=\"woocommerce-Price-amount amount\"><bdi><span class=\"woocommerce-Price-currencySymbol\">&euro;<\/span>19.99<\/bdi><\/span><\/div>    <a rel=\"nofollow\" href=\"https:\/\/united4cameroon.org\/en\/product\/non-au-gre-a-gre\/\" data-quantity=\"1\" data-product_id=\"135909\" data-product_sku=\"\" class=\"button add_to_cart_button product_type_variable\"> Select options<\/a>    \n<\/div>\n\n<\/li> <li class=\"product \">\n<div class=\"eael-product-wrap\" data-src=\"\" data-src-hover=\"\">\n    <img decoding=\"async\" width=\"750\" height=\"510\" src=\"https:\/\/united4cameroon.org\/wp-content\/uploads\/2021\/06\/democratie-black-woman-750x510.jpg\" class=\"attachment-woocommerce_thumbnail size-woocommerce_thumbnail wvs-archive-product-image\" alt=\"Pour la paix, la justice et la d\u00e9mocratie au Cameroun [ Noir ]\" loading=\"eager\" \/><div class=\"eael-product-title\">\n    <a href=\"https:\/\/united4cameroon.org\/en\/product\/pour-la-paix-la-justice-et-la-democratie-au-cameroun-2\/\" class=\"woocommerce-LoopProduct-link woocommerce-loop-product__link\"><h2 class=\"woocommerce-loop-product__title\">Pour la paix, la justice et la d\u00e9mocratie au Cameroun [ Noir ]<\/h2><\/a>\n    <\/div><div class=\"eael-star-rating star-rating\"><span style=\"width:0%\">Rated <strong class=\"rating\">0<\/strong> out of 5<\/span><\/div><div class=\"eael-product-price\"><span class=\"woocommerce-Price-amount amount\"><bdi><span class=\"woocommerce-Price-currencySymbol\">&euro;<\/span>19.99<\/bdi><\/span><\/div>    <a rel=\"nofollow\" href=\"https:\/\/united4cameroon.org\/en\/product\/pour-la-paix-la-justice-et-la-democratie-au-cameroun-2\/\" data-quantity=\"1\" data-product_id=\"134660\" data-product_sku=\"\" class=\"button add_to_cart_button product_type_variable\"> Select options<\/a>    \n<\/div>\n\n<\/li> <li class=\"product \">\n<div class=\"eael-product-wrap\" data-src=\"\" data-src-hover=\"\">\n    <img decoding=\"async\" width=\"750\" height=\"510\" src=\"https:\/\/united4cameroon.org\/wp-content\/uploads\/2021\/06\/democratie-white-man-750x510.jpg\" class=\"attachment-woocommerce_thumbnail size-woocommerce_thumbnail wvs-archive-product-image\" alt=\"Pour la paix, la justice et la d\u00e9mocratie au Cameroun [ Blanc ]\" loading=\"eager\" \/><div class=\"eael-product-title\">\n    <a href=\"https:\/\/united4cameroon.org\/en\/product\/pour-la-paix-la-justice-et-la-democratie-au-cameroun\/\" class=\"woocommerce-LoopProduct-link woocommerce-loop-product__link\"><h2 class=\"woocommerce-loop-product__title\">Pour la paix, la justice et la d\u00e9mocratie au Cameroun [ Blanc ]<\/h2><\/a>\n    <\/div><div class=\"eael-star-rating star-rating\"><span style=\"width:0%\">Rated <strong class=\"rating\">0<\/strong> out of 5<\/span><\/div><div class=\"eael-product-price\"><span class=\"woocommerce-Price-amount amount\"><bdi><span class=\"woocommerce-Price-currencySymbol\">&euro;<\/span>19.99<\/bdi><\/span><\/div>    <a rel=\"nofollow\" href=\"https:\/\/united4cameroon.org\/en\/product\/pour-la-paix-la-justice-et-la-democratie-au-cameroun\/\" data-quantity=\"1\" data-product_id=\"134617\" data-product_sku=\"\" class=\"button add_to_cart_button product_type_variable\"> Select options<\/a>    \n<\/div>\n\n<\/li> <li class=\"product \">\n<div class=\"eael-product-wrap\" data-src=\"\" data-src-hover=\"\">\n    <img decoding=\"async\" width=\"750\" height=\"510\" src=\"https:\/\/united4cameroon.org\/wp-content\/uploads\/2021\/06\/prisonners-black-man-750x510.jpg\" class=\"attachment-woocommerce_thumbnail size-woocommerce_thumbnail wvs-archive-product-image\" alt=\"Pour la lib\u00e9ration des prisonniers politiques [ Noir ]\" loading=\"eager\" \/><div class=\"eael-product-title\">\n    <a href=\"https:\/\/united4cameroon.org\/en\/product\/t-shirt-pour-la-liberation-des-prisonniers-politiques\/\" class=\"woocommerce-LoopProduct-link woocommerce-loop-product__link\"><h2 class=\"woocommerce-loop-product__title\">Pour la lib\u00e9ration des prisonniers politiques [ Noir ]<\/h2><\/a>\n    <\/div><div class=\"eael-star-rating star-rating\"><span style=\"width:0%\">Rated <strong class=\"rating\">0<\/strong> out of 5<\/span><\/div><div class=\"eael-product-price\"><span class=\"woocommerce-Price-amount amount\"><bdi><span class=\"woocommerce-Price-currencySymbol\">&euro;<\/span>19.99<\/bdi><\/span><\/div>    <a rel=\"nofollow\" href=\"https:\/\/united4cameroon.org\/en\/product\/t-shirt-pour-la-liberation-des-prisonniers-politiques\/\" data-quantity=\"1\" data-product_id=\"134543\" data-product_sku=\"\" class=\"button add_to_cart_button product_type_variable\"> Select options<\/a>    \n<\/div>\n\n<\/li> <li class=\"product \">\n<div class=\"eael-product-wrap\" data-src=\"\" data-src-hover=\"\">\n    <img decoding=\"async\" width=\"750\" height=\"510\" src=\"https:\/\/united4cameroon.org\/wp-content\/uploads\/2021\/06\/prisonners-white-woman-750x510.jpg\" class=\"attachment-woocommerce_thumbnail size-woocommerce_thumbnail wvs-archive-product-image\" alt=\"Pour la lib\u00e9ration des prisonniers politiques [ Blanc ]\" loading=\"eager\" \/><div class=\"eael-product-title\">\n    <a href=\"https:\/\/united4cameroon.org\/en\/product\/t-shirt-pour-la-liberation-des-prisonniers-politiques-unisex\/\" class=\"woocommerce-LoopProduct-link woocommerce-loop-product__link\"><h2 class=\"woocommerce-loop-product__title\">Pour la lib\u00e9ration des prisonniers politiques [ Blanc ]<\/h2><\/a>\n    <\/div><div class=\"eael-star-rating star-rating\"><span style=\"width:0%\">Rated <strong class=\"rating\">0<\/strong> out of 5<\/span><\/div><div class=\"eael-product-price\"><span class=\"woocommerce-Price-amount amount\"><bdi><span class=\"woocommerce-Price-currencySymbol\">&euro;<\/span>19.99<\/bdi><\/span><\/div>    <a rel=\"nofollow\" href=\"https:\/\/united4cameroon.org\/en\/product\/t-shirt-pour-la-liberation-des-prisonniers-politiques-unisex\/\" data-quantity=\"1\" data-product_id=\"134518\" data-product_sku=\"\" class=\"button add_to_cart_button product_type_variable\"> Select options<\/a>    \n<\/div>\n\n<\/li> <li class=\"product \">\n<div class=\"eael-product-wrap\" data-src=\"\" data-src-hover=\"\">\n    <img decoding=\"async\" width=\"750\" height=\"510\" src=\"https:\/\/united4cameroon.org\/wp-content\/uploads\/2021\/06\/noso-stop-white-woman-1-750x510.jpg\" class=\"attachment-woocommerce_thumbnail size-woocommerce_thumbnail wvs-archive-product-image\" alt=\"STOP \u00e0 la guerre au NOSO [ Blanc ]\" loading=\"eager\" \/><div class=\"eael-product-title\">\n    <a href=\"https:\/\/united4cameroon.org\/en\/product\/t-shirt-stop-a-la-guerre-au-noso-unisex\/\" class=\"woocommerce-LoopProduct-link woocommerce-loop-product__link\"><h2 class=\"woocommerce-loop-product__title\">STOP \u00e0 la guerre au NOSO [ Blanc ]<\/h2><\/a>\n    <\/div><div class=\"eael-star-rating star-rating\"><span style=\"width:0%\">Rated <strong class=\"rating\">0<\/strong> out of 5<\/span><\/div><div class=\"eael-product-price\"><span class=\"woocommerce-Price-amount amount\"><bdi><span class=\"woocommerce-Price-currencySymbol\">&euro;<\/span>19.99<\/bdi><\/span><\/div>    <a rel=\"nofollow\" href=\"https:\/\/united4cameroon.org\/en\/product\/t-shirt-stop-a-la-guerre-au-noso-unisex\/\" data-quantity=\"1\" data-product_id=\"134499\" data-product_sku=\"\" class=\"button add_to_cart_button product_type_variable\"> Select options<\/a>    \n<\/div>\n\n<\/li> <li class=\"product \">\n<div class=\"eael-product-wrap\" data-src=\"\" data-src-hover=\"\">\n    <img decoding=\"async\" width=\"750\" height=\"510\" src=\"https:\/\/united4cameroon.org\/wp-content\/uploads\/2021\/06\/noso-stop-black-man-750x510.jpg\" class=\"attachment-woocommerce_thumbnail size-woocommerce_thumbnail wvs-archive-product-image\" alt=\"STOP \u00e0 la guerre au NOSO [ Noir ]\" loading=\"eager\" \/><div class=\"eael-product-title\">\n    <a href=\"https:\/\/united4cameroon.org\/en\/product\/stop-a-la-guerre-au-noso\/\" class=\"woocommerce-LoopProduct-link woocommerce-loop-product__link\"><h2 class=\"woocommerce-loop-product__title\">STOP \u00e0 la guerre au NOSO [ Noir ]<\/h2><\/a>\n    <\/div><div class=\"eael-star-rating star-rating\"><span style=\"width:0%\">Rated <strong class=\"rating\">0<\/strong> out of 5<\/span><\/div><div class=\"eael-product-price\"><span class=\"woocommerce-Price-amount amount\"><bdi><span class=\"woocommerce-Price-currencySymbol\">&euro;<\/span>19.99<\/bdi><\/span><\/div>    <a rel=\"nofollow\" href=\"https:\/\/united4cameroon.org\/en\/product\/stop-a-la-guerre-au-noso\/\" data-quantity=\"1\" data-product_id=\"134450\" data-product_sku=\"\" class=\"button add_to_cart_button product_type_variable\"> Select options<\/a>    \n<\/div>\n\n<\/li> <li class=\"product \">\n<div class=\"eael-product-wrap\" data-src=\"\" data-src-hover=\"\">\n    <img decoding=\"async\" width=\"750\" height=\"510\" src=\"https:\/\/united4cameroon.org\/wp-content\/uploads\/2021\/06\/03072021-black-man-750x510.jpg\" class=\"attachment-woocommerce_thumbnail size-woocommerce_thumbnail wvs-archive-product-image\" alt=\"T-shirt 3 juillet 2021 [ Noir ]\" loading=\"eager\" \/><div class=\"eael-product-title\">\n    <a href=\"https:\/\/united4cameroon.org\/en\/product\/t-shirt-3-juillet-2021-noir\/\" class=\"woocommerce-LoopProduct-link woocommerce-loop-product__link\"><h2 class=\"woocommerce-loop-product__title\">T-shirt 3 juillet 2021 [ Noir ]<\/h2><\/a>\n    <\/div><div class=\"eael-star-rating star-rating\"><span style=\"width:0%\">Rated <strong class=\"rating\">0<\/strong> out of 5<\/span><\/div><div class=\"eael-product-price\"><span class=\"woocommerce-Price-amount amount\"><bdi><span class=\"woocommerce-Price-currencySymbol\">&euro;<\/span>19.99<\/bdi><\/span><\/div>    <a rel=\"nofollow\" href=\"https:\/\/united4cameroon.org\/en\/product\/t-shirt-3-juillet-2021-noir\/\" data-quantity=\"1\" data-product_id=\"133259\" data-product_sku=\"\" class=\"button add_to_cart_button product_type_variable\"> Select options<\/a>    \n<\/div>\n\n<\/li> <li class=\"product \">\n<div class=\"eael-product-wrap\" data-src=\"\" data-src-hover=\"\">\n    <img decoding=\"async\" width=\"750\" height=\"510\" src=\"https:\/\/united4cameroon.org\/wp-content\/uploads\/2021\/06\/03072021-white-woman-750x510.jpg\" class=\"attachment-woocommerce_thumbnail size-woocommerce_thumbnail wvs-archive-product-image\" alt=\"T-shirt 3 juillet 2021 [ Blanc ]\" loading=\"eager\" \/><div class=\"eael-product-title\">\n    <a href=\"https:\/\/united4cameroon.org\/en\/product\/t-shirt-3-juillet-2021-blanc\/\" class=\"woocommerce-LoopProduct-link woocommerce-loop-product__link\"><h2 class=\"woocommerce-loop-product__title\">T-shirt 3 juillet 2021 [ Blanc ]<\/h2><\/a>\n    <\/div><div class=\"eael-star-rating star-rating\"><span style=\"width:0%\">Rated <strong class=\"rating\">0<\/strong> out of 5<\/span><\/div><div class=\"eael-product-price\"><span class=\"woocommerce-Price-amount amount\"><bdi><span class=\"woocommerce-Price-currencySymbol\">&euro;<\/span>19.99<\/bdi><\/span><\/div>    <a rel=\"nofollow\" href=\"https:\/\/united4cameroon.org\/en\/product\/t-shirt-3-juillet-2021-blanc\/\" data-quantity=\"1\" data-product_id=\"132609\" data-product_sku=\"\" class=\"button add_to_cart_button product_type_variable\"> Select options<\/a>    \n<\/div>\n\n<\/li><\/ul>            <\/div>\n        <\/div>\n\n        <script type=\"text\/javascript\">\n            jQuery(document).ready(function($) {\n                var $scope = jQuery(\".elementor-element-6b5e452\");\n                var $products = $('.products', $scope);\n                var $layout_mode = $products.data('layout-mode');\n                \n                if ( $layout_mode === 'masonry' ) {\n                    \/\/ init isotope\n                    var $isotope_products = $products.isotope({\n                        itemSelector: \"li.product\",\n                        layoutMode: $layout_mode,\n                        percentPosition: true\n                    });\n\n                    $isotope_products.imagesLoaded().progress( function() {\n                        $isotope_products.isotope('layout');\n                    })\n                    \n                }\n            });\n        <\/script>\n        \t\t\t\t<\/div>\n\t\t\t\t<\/div>\n\t\t\t\t\t<\/div>\n\t\t<\/div>\n\t\t\t\t\t<\/div>\n\t\t<\/section>\n\t\t\t\t<\/div>\n\t\t","protected":false},"excerpt":{"rendered":"<p>3 juillet 2021 Hommes Femmes Chaussures Maison &#038; vie Accessoires NON au gr\u00e9 \u00e0 gr\u00e9 Note 0 sur 5&euro;19.99 Choix des options Non au gr\u00e9 \u00e0 gr\u00e9 Note 0 sur 5&euro;19.99 Choix des options Pour la paix, la justice et la d\u00e9mocratie au Cameroun Note 0 sur 5&euro;19.99 Choix des options Pour la paix, la [&hellip;]<\/p>\n","protected":false},"author":1,"featured_media":0,"parent":101054,"menu_order":1,"comment_status":"closed","ping_status":"closed","template":"","meta":{"give_campaign_id":0,"footnotes":""},"class_list":["post-132723","page","type-page","status-publish","hentry"],"campaignId":"","_links":{"self":[{"href":"https:\/\/united4cameroon.org\/en\/wp-json\/wp\/v2\/pages\/132723","targetHints":{"allow":["GET"]}}],"collection":[{"href":"https:\/\/united4cameroon.org\/en\/wp-json\/wp\/v2\/pages"}],"about":[{"href":"https:\/\/united4cameroon.org\/en\/wp-json\/wp\/v2\/types\/page"}],"author":[{"embeddable":true,"href":"https:\/\/united4cameroon.org\/en\/wp-json\/wp\/v2\/users\/1"}],"replies":[{"embeddable":true,"href":"https:\/\/united4cameroon.org\/en\/wp-json\/wp\/v2\/comments?post=132723"}],"version-history":[{"count":21,"href":"https:\/\/united4cameroon.org\/en\/wp-json\/wp\/v2\/pages\/132723\/revisions"}],"predecessor-version":[{"id":144293,"href":"https:\/\/united4cameroon.org\/en\/wp-json\/wp\/v2\/pages\/132723\/revisions\/144293"}],"up":[{"embeddable":true,"href":"https:\/\/united4cameroon.org\/en\/wp-json\/wp\/v2\/pages\/101054"}],"wp:attachment":[{"href":"https:\/\/united4cameroon.org\/en\/wp-json\/wp\/v2\/media?parent=132723"}],"curies":[{"name":"wp","href":"https:\/\/api.w.org\/{rel}","templated":true}]}}