{"id":3124,"date":"2018-07-05T01:04:27","date_gmt":"2018-07-05T01:04:27","guid":{"rendered":"http:\/\/themesgavias.com\/wp\/oxpitan\/?page_id=3124"},"modified":"2018-07-05T01:04:27","modified_gmt":"2018-07-05T01:04:27","slug":"our-causes","status":"publish","type":"page","link":"https:\/\/united4cameroon.org\/en\/our-causes\/","title":{"rendered":"Our Causes"},"content":{"rendered":"<div data-elementor-type=\"wp-post\" data-elementor-id=\"3124\" class=\"elementor elementor-3124\" data-elementor-settings=\"{&quot;ha_cmc_init_switcher&quot;:&quot;no&quot;}\">\n\t\t\t\t\t\t<section class=\"elementor-section elementor-top-section elementor-element elementor-element-1c672db elementor-section-boxed elementor-section-height-default elementor-section-height-default\" data-id=\"1c672db\" data-element_type=\"section\" data-e-type=\"section\" data-settings=\"{&quot;_ha_eqh_enable&quot;:false}\">\n\t\t\t\t\t\t<div class=\"elementor-container elementor-column-gap-default\">\n\t\t\t\t\t<div class=\"elementor-column elementor-col-100 elementor-top-column elementor-element elementor-element-0165fe9 column-style-top column-top\" data-id=\"0165fe9\" data-element_type=\"column\" data-e-type=\"column\">\n\t\t\t<div class=\"elementor-widget-wrap elementor-element-populated\">\n\t\t\t\t\t\t<div class=\"elementor-element elementor-element-b547df5 elementor-widget elementor-widget-gva-give-forms\" data-id=\"b547df5\" data-element_type=\"widget\" data-e-type=\"widget\" data-widget_type=\"gva-give-forms.default\">\n\t\t\t\t<div class=\"elementor-widget-container\">\n\t\t\t\t\t<div class=\"gva-element-gva-give-forms gva-element\">  \r\n  <div class=\"gva-give-form-grid clearfix grid-x7o4\">\r\n      <div class=\"gva-content-items\"> \r\n        <div class=\"lg-block-grid-3 md-block-grid-3 sm-block-grid-2 xs-block-grid-1\">\r\n           \r\n<div  class=\"give-block\">\r\n\r\n  <div class=\"post-2349882 give_forms type-give_forms status-publish\">\r\n    <div class=\"form-image\">\r\n             <a href=\"https:\/\/united4cameroon.org\/en\/donations\/hommage-anicet-ekane\/\"><img decoding=\"async\" src=\"https:\/\/united4cameroon.org\/wp-content\/themes\/oxpitan\/images\/no-image.jpg\" alt=\"Hommage \u00e0 Anicet Ekan\u00e9\"\/><\/a>\r\n            <div class=\"content-action\"><a class=\"link\" href=\"https:\/\/united4cameroon.org\/en\/donations\/hommage-anicet-ekane\/\">Donate now<\/a><\/div>\r\n      <div class=\"give-gallery-post\"> \r\n  <div class=\"lightGallery\">\r\n      <\/div>\r\n<\/div>          <\/div>\r\n\r\n    <div class=\"form-content\">\r\n      \r\n      <div class=\"funded\">\r\n        <div class=\"give__progress\">\r\n          <div class=\"give__progress-bar\" data-progress-max=\"100%\">\r\n                          <span class=\"percentage percentage-left\">unlimited<\/span>\r\n              \r\n          <\/div>\r\n        <\/div>\r\n      <\/div>\r\n\r\n      <div class=\"form-content-inner clearfix\">\r\n        <div class=\"campaign-content-inner\">\r\n          <h2 class=\"title\"><a href=\"https:\/\/united4cameroon.org\/en\/donations\/hommage-anicet-ekane\/\">Hommage \u00e0 Anicet Ekan\u00e9<\/a><\/h2>\r\n          <div class=\"desc\"><\/div>\r\n        <\/div>\r\n        <div class=\"campaign-information clearfix\">\r\n          <div class=\"campaign-goal\"> \r\n            <span class=\"c-label\">Goal: <\/span> \r\n            <span class=\"goal\">unlimited<\/span>\r\n          <\/div>\r\n          <div class=\"campaign-raised\">\r\n            <span class=\"c-label\">Raised: <\/span> \r\n            <span class=\"raised\">&euro;1.876,00<\/span>\r\n          <\/div>\r\n        <\/div>\r\n        <div class=\"campaign-action\"><a class=\"btn-give-theme\" href=\"https:\/\/united4cameroon.org\/en\/donations\/hommage-anicet-ekane\/\">Read more<\/a><\/div>\r\n      <\/div>  \r\n      \r\n    <\/div>\r\n  <\/div>\r\n<\/div>\r\n\r\n      \r\n \r\n<div  class=\"give-block\">\r\n\r\n  <div class=\"post-2147984 give_forms type-give_forms status-publish\">\r\n    <div class=\"form-image\">\r\n             <a href=\"https:\/\/united4cameroon.org\/en\/donations\/soutien-aux-victimes-de-la-crise-post-electorale-2025\/\"><img decoding=\"async\" src=\"https:\/\/united4cameroon.org\/wp-content\/themes\/oxpitan\/images\/no-image.jpg\" alt=\"Soutien aux victimes de la crise post-\u00e9lectorale 2025\"\/><\/a>\r\n            <div class=\"content-action\"><a class=\"link\" href=\"https:\/\/united4cameroon.org\/en\/donations\/soutien-aux-victimes-de-la-crise-post-electorale-2025\/\">Donate now<\/a><\/div>\r\n      <div class=\"give-gallery-post\"> \r\n  <div class=\"lightGallery\">\r\n      <\/div>\r\n<\/div>          <\/div>\r\n\r\n    <div class=\"form-content\">\r\n      \r\n      <div class=\"funded\">\r\n        <div class=\"give__progress\">\r\n          <div class=\"give__progress-bar\" data-progress-max=\"100%\">\r\n                          <span class=\"percentage percentage-left\">unlimited<\/span>\r\n              \r\n          <\/div>\r\n        <\/div>\r\n      <\/div>\r\n\r\n      <div class=\"form-content-inner clearfix\">\r\n        <div class=\"campaign-content-inner\">\r\n          <h2 class=\"title\"><a href=\"https:\/\/united4cameroon.org\/en\/donations\/soutien-aux-victimes-de-la-crise-post-electorale-2025\/\">Soutien aux victimes de la crise post-\u00e9lectorale 2025<\/a><\/h2>\r\n          <div class=\"desc\"><\/div>\r\n        <\/div>\r\n        <div class=\"campaign-information clearfix\">\r\n          <div class=\"campaign-goal\"> \r\n            <span class=\"c-label\">Goal: <\/span> \r\n            <span class=\"goal\">unlimited<\/span>\r\n          <\/div>\r\n          <div class=\"campaign-raised\">\r\n            <span class=\"c-label\">Raised: <\/span> \r\n            <span class=\"raised\">&euro;2.250,00<\/span>\r\n          <\/div>\r\n        <\/div>\r\n        <div class=\"campaign-action\"><a class=\"btn-give-theme\" href=\"https:\/\/united4cameroon.org\/en\/donations\/soutien-aux-victimes-de-la-crise-post-electorale-2025\/\">Read more<\/a><\/div>\r\n      <\/div>  \r\n      \r\n    <\/div>\r\n  <\/div>\r\n<\/div>\r\n\r\n      \r\n \r\n<div  class=\"give-block\">\r\n\r\n  <div class=\"post-1962233 give_forms type-give_forms status-publish\">\r\n    <div class=\"form-image\">\r\n             <a href=\"https:\/\/united4cameroon.org\/en\/donations\/meeting-du-31-mai-2025-2\/\"><img decoding=\"async\" src=\"https:\/\/united4cameroon.org\/wp-content\/themes\/oxpitan\/images\/no-image.jpg\" alt=\"Maurice Kamto en Diaspora: Grand Meeting le 31 mai 2025 \u00e0 Paris\"\/><\/a>\r\n            <div class=\"content-action\"><a class=\"link\" href=\"https:\/\/united4cameroon.org\/en\/donations\/meeting-du-31-mai-2025-2\/\">Donate now<\/a><\/div>\r\n      <div class=\"give-gallery-post\"> \r\n  <div class=\"lightGallery\">\r\n      <\/div>\r\n<\/div>          <\/div>\r\n\r\n    <div class=\"form-content\">\r\n      \r\n      <div class=\"funded\">\r\n        <div class=\"give__progress\">\r\n          <div class=\"give__progress-bar\" data-progress-max=\"100%\">\r\n                          <span class=\"percentage percentage-left\">unlimited<\/span>\r\n              \r\n          <\/div>\r\n        <\/div>\r\n      <\/div>\r\n\r\n      <div class=\"form-content-inner clearfix\">\r\n        <div class=\"campaign-content-inner\">\r\n          <h2 class=\"title\"><a href=\"https:\/\/united4cameroon.org\/en\/donations\/meeting-du-31-mai-2025-2\/\">Maurice Kamto en Diaspora: Grand Meeting le 31 mai 2025 \u00e0 Paris<\/a><\/h2>\r\n          <div class=\"desc\"><\/div>\r\n        <\/div>\r\n        <div class=\"campaign-information clearfix\">\r\n          <div class=\"campaign-goal\"> \r\n            <span class=\"c-label\">Goal: <\/span> \r\n            <span class=\"goal\">unlimited<\/span>\r\n          <\/div>\r\n          <div class=\"campaign-raised\">\r\n            <span class=\"c-label\">Raised: <\/span> \r\n            <span class=\"raised\">&euro;1.280,00<\/span>\r\n          <\/div>\r\n        <\/div>\r\n        <div class=\"campaign-action\"><a class=\"btn-give-theme\" href=\"https:\/\/united4cameroon.org\/en\/donations\/meeting-du-31-mai-2025-2\/\">Read more<\/a><\/div>\r\n      <\/div>  \r\n      \r\n    <\/div>\r\n  <\/div>\r\n<\/div>\r\n\r\n      \r\n \r\n<div  class=\"give-block\">\r\n\r\n  <div class=\"post-1598084 give_forms type-give_forms status-publish\">\r\n    <div class=\"form-image\">\r\n             <a href=\"https:\/\/united4cameroon.org\/en\/donations\/visite-de-la-diaspora-camerounaise-a-paul-biya-octobre-2024\/\"><img decoding=\"async\" src=\"https:\/\/united4cameroon.org\/wp-content\/themes\/oxpitan\/images\/no-image.jpg\" alt=\"Visite de la Diaspora Camerounaise \u00e0 Paul Biya \u00e0 Gen\u00e8ve &#8211; octobre 2024\"\/><\/a>\r\n            <div class=\"content-action\"><a class=\"link\" href=\"https:\/\/united4cameroon.org\/en\/donations\/visite-de-la-diaspora-camerounaise-a-paul-biya-octobre-2024\/\">Donate now<\/a><\/div>\r\n      <div class=\"give-gallery-post\"> \r\n  <div class=\"lightGallery\">\r\n      <\/div>\r\n<\/div>          <\/div>\r\n\r\n    <div class=\"form-content\">\r\n      \r\n      <div class=\"funded\">\r\n        <div class=\"give__progress\">\r\n          <div class=\"give__progress-bar\" data-progress-max=\"100%\">\r\n                          <span class=\"percentage percentage-left\">unlimited<\/span>\r\n              \r\n          <\/div>\r\n        <\/div>\r\n      <\/div>\r\n\r\n      <div class=\"form-content-inner clearfix\">\r\n        <div class=\"campaign-content-inner\">\r\n          <h2 class=\"title\"><a href=\"https:\/\/united4cameroon.org\/en\/donations\/visite-de-la-diaspora-camerounaise-a-paul-biya-octobre-2024\/\">Visite de la Diaspora Camerounaise \u00e0 Paul Biya \u00e0 Gen\u00e8ve &#8211; octobre 2024<\/a><\/h2>\r\n          <div class=\"desc\"><\/div>\r\n        <\/div>\r\n        <div class=\"campaign-information clearfix\">\r\n          <div class=\"campaign-goal\"> \r\n            <span class=\"c-label\">Goal: <\/span> \r\n            <span class=\"goal\">unlimited<\/span>\r\n          <\/div>\r\n          <div class=\"campaign-raised\">\r\n            <span class=\"c-label\">Raised: <\/span> \r\n            <span class=\"raised\">&euro;130,00<\/span>\r\n          <\/div>\r\n        <\/div>\r\n        <div class=\"campaign-action\"><a class=\"btn-give-theme\" href=\"https:\/\/united4cameroon.org\/en\/donations\/visite-de-la-diaspora-camerounaise-a-paul-biya-octobre-2024\/\">Read more<\/a><\/div>\r\n      <\/div>  \r\n      \r\n    <\/div>\r\n  <\/div>\r\n<\/div>\r\n\r\n      \r\n \r\n<div  class=\"give-block\">\r\n\r\n  <div class=\"post-1559722 give_forms type-give_forms status-publish\">\r\n    <div class=\"form-image\">\r\n             <a href=\"https:\/\/united4cameroon.org\/en\/donations\/solidarite-aux-victimes-de-linondation-de-lextreme-nord\/\"><img decoding=\"async\" src=\"https:\/\/united4cameroon.org\/wp-content\/themes\/oxpitan\/images\/no-image.jpg\" alt=\"Solidarit\u00e9 aux victimes de l\u2019inondation de l\u2019extr\u00eame-Nord\"\/><\/a>\r\n            <div class=\"content-action\"><a class=\"link\" href=\"https:\/\/united4cameroon.org\/en\/donations\/solidarite-aux-victimes-de-linondation-de-lextreme-nord\/\">Donate now<\/a><\/div>\r\n      <div class=\"give-gallery-post\"> \r\n  <div class=\"lightGallery\">\r\n      <\/div>\r\n<\/div>          <\/div>\r\n\r\n    <div class=\"form-content\">\r\n      \r\n      <div class=\"funded\">\r\n        <div class=\"give__progress\">\r\n          <div class=\"give__progress-bar\" data-progress-max=\"100%\">\r\n                          <span class=\"percentage percentage-left\">unlimited<\/span>\r\n              \r\n          <\/div>\r\n        <\/div>\r\n      <\/div>\r\n\r\n      <div class=\"form-content-inner clearfix\">\r\n        <div class=\"campaign-content-inner\">\r\n          <h2 class=\"title\"><a href=\"https:\/\/united4cameroon.org\/en\/donations\/solidarite-aux-victimes-de-linondation-de-lextreme-nord\/\">Solidarit\u00e9 aux victimes de l\u2019inondation de l\u2019extr\u00eame-Nord<\/a><\/h2>\r\n          <div class=\"desc\"><\/div>\r\n        <\/div>\r\n        <div class=\"campaign-information clearfix\">\r\n          <div class=\"campaign-goal\"> \r\n            <span class=\"c-label\">Goal: <\/span> \r\n            <span class=\"goal\">unlimited<\/span>\r\n          <\/div>\r\n          <div class=\"campaign-raised\">\r\n            <span class=\"c-label\">Raised: <\/span> \r\n            <span class=\"raised\">&euro;495,00<\/span>\r\n          <\/div>\r\n        <\/div>\r\n        <div class=\"campaign-action\"><a class=\"btn-give-theme\" href=\"https:\/\/united4cameroon.org\/en\/donations\/solidarite-aux-victimes-de-linondation-de-lextreme-nord\/\">Read more<\/a><\/div>\r\n      <\/div>  \r\n      \r\n    <\/div>\r\n  <\/div>\r\n<\/div>\r\n\r\n      \r\n \r\n<div  class=\"give-block\">\r\n\r\n  <div class=\"post-1458008 give_forms type-give_forms status-publish\">\r\n    <div class=\"form-image\">\r\n             <a href=\"https:\/\/united4cameroon.org\/en\/donations\/justice-pour-junior-ngombe-et-ramon-cotta\/\"><img decoding=\"async\" src=\"https:\/\/united4cameroon.org\/wp-content\/themes\/oxpitan\/images\/no-image.jpg\" alt=\"Justice pour Junior Ngomb\u00e9 et Ramon Cotta\"\/><\/a>\r\n            <div class=\"content-action\"><a class=\"link\" href=\"https:\/\/united4cameroon.org\/en\/donations\/justice-pour-junior-ngombe-et-ramon-cotta\/\">Donate now<\/a><\/div>\r\n      <div class=\"give-gallery-post\"> \r\n  <div class=\"lightGallery\">\r\n      <\/div>\r\n<\/div>          <\/div>\r\n\r\n    <div class=\"form-content\">\r\n      \r\n      <div class=\"funded\">\r\n        <div class=\"give__progress\">\r\n          <div class=\"give__progress-bar\" data-progress-max=\"100%\">\r\n                          <span class=\"percentage percentage-left\">unlimited<\/span>\r\n              \r\n          <\/div>\r\n        <\/div>\r\n      <\/div>\r\n\r\n      <div class=\"form-content-inner clearfix\">\r\n        <div class=\"campaign-content-inner\">\r\n          <h2 class=\"title\"><a href=\"https:\/\/united4cameroon.org\/en\/donations\/justice-pour-junior-ngombe-et-ramon-cotta\/\">Justice pour Junior Ngomb\u00e9 et Ramon Cotta<\/a><\/h2>\r\n          <div class=\"desc\"><\/div>\r\n        <\/div>\r\n        <div class=\"campaign-information clearfix\">\r\n          <div class=\"campaign-goal\"> \r\n            <span class=\"c-label\">Goal: <\/span> \r\n            <span class=\"goal\">unlimited<\/span>\r\n          <\/div>\r\n          <div class=\"campaign-raised\">\r\n            <span class=\"c-label\">Raised: <\/span> \r\n            <span class=\"raised\">&euro;205,00<\/span>\r\n          <\/div>\r\n        <\/div>\r\n        <div class=\"campaign-action\"><a class=\"btn-give-theme\" href=\"https:\/\/united4cameroon.org\/en\/donations\/justice-pour-junior-ngombe-et-ramon-cotta\/\">Read more<\/a><\/div>\r\n      <\/div>  \r\n      \r\n    <\/div>\r\n  <\/div>\r\n<\/div>\r\n\r\n      \r\n        <\/div>\r\n      <\/div>\r\n                <div class=\"pagination\">\r\n              <div class=\"column one pager_wrapper\"><div class=\"pager\"><div class=\"paginations\"><a href=\"https:\/\/united4cameroon.org\/en\/wp-json\/wp\/v2\/pages\/3124\/\" class=\"page-item active\">1<\/a><a href=\"https:\/\/united4cameroon.org\/en\/wp-json\/wp\/v2\/pages\/3124\/page\/2\/\" class=\"page-item\">2<\/a><a href=\"https:\/\/united4cameroon.org\/en\/wp-json\/wp\/v2\/pages\/3124\/page\/3\/\" class=\"page-item\">3<\/a><span class=\"page-item\">... <\/span><a href=\"https:\/\/united4cameroon.org\/en\/wp-json\/wp\/v2\/pages\/3124\/page\/6\/\" class=\"page-item\">6<\/a><a class=\"next_page\" href=\"https:\/\/united4cameroon.org\/en\/wp-json\/wp\/v2\/pages\/3124\/page\/2\/\"><i class=\"gv-icon-165\"><\/i><\/a><\/div><\/div><\/div>\n          <\/div>\r\n        <\/div>\r\n  <\/div>\t\t\t\t<\/div>\n\t\t\t\t<\/div>\n\t\t\t\t\t<\/div>\n\t\t<\/div>\n\t\t\t\t\t<\/div>\n\t\t<\/section>\n\t\t\t\t<\/div>","protected":false},"excerpt":{"rendered":"<p>Donation now 33.71% Save Poor Childrens Lorem ipsum dolor sit amet, consectetur adipiscing elit, Goal: &#036;890 Raised: &#036;300 Read more Donation now unlimited They Want to Study Lorem ipsum dolor sit amet, consectetur adipiscing elit, Goal: unlimited Raised: &#036;220 Read more Donation now 30.88% Healthy Food for All Lorem ipsum dolor sit amet, consectetur adipiscing [&hellip;]<\/p>\n","protected":false},"author":1,"featured_media":0,"parent":0,"menu_order":0,"comment_status":"closed","ping_status":"closed","template":"","meta":{"give_campaign_id":0,"footnotes":""},"class_list":["post-3124","page","type-page","status-publish","hentry"],"campaignId":"","_links":{"self":[{"href":"https:\/\/united4cameroon.org\/en\/wp-json\/wp\/v2\/pages\/3124","targetHints":{"allow":["GET"]}}],"collection":[{"href":"https:\/\/united4cameroon.org\/en\/wp-json\/wp\/v2\/pages"}],"about":[{"href":"https:\/\/united4cameroon.org\/en\/wp-json\/wp\/v2\/types\/page"}],"author":[{"embeddable":true,"href":"https:\/\/united4cameroon.org\/en\/wp-json\/wp\/v2\/users\/1"}],"replies":[{"embeddable":true,"href":"https:\/\/united4cameroon.org\/en\/wp-json\/wp\/v2\/comments?post=3124"}],"version-history":[{"count":0,"href":"https:\/\/united4cameroon.org\/en\/wp-json\/wp\/v2\/pages\/3124\/revisions"}],"wp:attachment":[{"href":"https:\/\/united4cameroon.org\/en\/wp-json\/wp\/v2\/media?parent=3124"}],"curies":[{"name":"wp","href":"https:\/\/api.w.org\/{rel}","templated":true}]}}