{"id":358061,"date":"2021-12-14T00:07:22","date_gmt":"2021-12-14T00:07:22","guid":{"rendered":"https:\/\/united4cameroon.org\/?page_id=358061"},"modified":"2022-08-03T22:16:41","modified_gmt":"2022-08-03T22:16:41","slug":"aide-aux-deplaces-du-logone-et-chari","status":"publish","type":"page","link":"https:\/\/united4cameroon.org\/en\/aide-aux-deplaces-du-logone-et-chari\/","title":{"rendered":"Aide aux d\u00e9plac\u00e9s du Logone et Chari"},"content":{"rendered":"<div data-elementor-type=\"wp-page\" data-elementor-id=\"358061\" class=\"elementor elementor-358061\" data-elementor-settings=\"{&quot;ha_cmc_init_switcher&quot;:&quot;no&quot;}\">\n\t\t\t\t\t\t<section class=\"elementor-section elementor-top-section elementor-element elementor-element-e64bf81 elementor-section-boxed elementor-section-height-default elementor-section-height-default\" data-id=\"e64bf81\" data-element_type=\"section\" data-e-type=\"section\" data-settings=\"{&quot;_ha_eqh_enable&quot;:false}\">\n\t\t\t\t\t\t<div class=\"elementor-container elementor-column-gap-default\">\n\t\t\t\t\t<div class=\"elementor-column elementor-col-100 elementor-top-column elementor-element elementor-element-a84d5b6 column-style-top column-top\" data-id=\"a84d5b6\" data-element_type=\"column\" data-e-type=\"column\">\n\t\t\t<div class=\"elementor-widget-wrap elementor-element-populated\">\n\t\t\t\t\t\t<div class=\"elementor-element elementor-element-2beee0c elementor-widget elementor-widget-shortcode\" data-id=\"2beee0c\" data-element_type=\"widget\" data-e-type=\"widget\" data-widget_type=\"shortcode.default\">\n\t\t\t\t<div class=\"elementor-widget-container\">\n\t\t\t\t\t\t\t<div class=\"elementor-shortcode\">\t<div class=\"give-totals-shortcode-wrap\">\n\t\t<div class=\"give-goal-progress\">\n\t<div class=\"raised\">\n\t\t<span class=\"give-percentage\">25%<\/span> funded\t<\/div>\n\n\t<div class=\"give-progress-bar\" role=\"progressbar\" aria-valuemin=\"0\" aria-valuemax=\"100\"\n\t\t aria-valuenow=\"25\">\n\t\t\t<span style=\"width: 25%;\t\t\t\t\t\t\t\t\t\t\tbackground-color:#2bc253\t\t\t\"><\/span>\n\t<\/div><!-- \/.give-progress-bar -->\n\n<\/div><!-- \/.goal-progress -->\nHey! We&#039;ve raised &euro;1.250,00 of the &euro;5.000,00 we are trying to raise for this campaign!\t<\/div>\n\t<\/div>\n\t\t\t\t\t\t<\/div>\n\t\t\t\t<\/div>\n\t\t\t\t\t<\/div>\n\t\t<\/div>\n\t\t\t\t\t<\/div>\n\t\t<\/section>\n\t\t\t\t<section class=\"elementor-section elementor-top-section elementor-element elementor-element-3247194 elementor-section-stretched elementor-section-boxed elementor-section-height-default elementor-section-height-default\" data-id=\"3247194\" data-element_type=\"section\" data-e-type=\"section\" data-settings=\"{&quot;stretch_section&quot;:&quot;section-stretched&quot;,&quot;background_background&quot;:&quot;classic&quot;,&quot;_ha_eqh_enable&quot;:false}\">\n\t\t\t\t\t\t<div class=\"elementor-container elementor-column-gap-default\">\n\t\t\t\t\t<div class=\"elementor-column elementor-col-50 elementor-top-column elementor-element elementor-element-6167c5d column-style-top column-top\" data-id=\"6167c5d\" data-element_type=\"column\" data-e-type=\"column\">\n\t\t\t<div class=\"elementor-widget-wrap elementor-element-populated\">\n\t\t\t\t\t\t<div class=\"elementor-element elementor-element-9022d0c elementor-widget elementor-widget-text-editor\" data-id=\"9022d0c\" data-element_type=\"widget\" data-e-type=\"widget\" data-widget_type=\"text-editor.default\">\n\t\t\t\t<div class=\"elementor-widget-container\">\n\t\t\t\t\t\t\t\t\t<p><span style=\"font-weight: 400;\">C\u2019est avec beaucoup d\u2019\u00e9motions et tristesses que <\/span><b>United4Cameroon<\/b><span style=\"font-weight: 400;\"> (United for Cameroon) suit les affrontements intercommunautaires en cours dans le d\u00e9partement du Logone et Chari dans la r\u00e9gion de l\u2019Extr\u00eame-Nord du Cameroun.<\/span><\/p><p><span style=\"font-weight: 400;\">Le bilan actuel d\u00e9nombre plusieurs dizaines de morts, des centaines de bless\u00e9s, plus de 50 000 habitants constitu\u00e9s en majorit\u00e9 de femmes et d\u2019enfants ayant abandonn\u00e9 leurs domiciles en direction du Tchad et des autres pays voisins, sans oublier les villages, commerces et autres \u00e9tablissements incendi\u00e9s. <\/span><span style=\"font-weight: 400;\">Ainsi, United4Cameroon adresse ses condol\u00e9ances les plus attrist\u00e9es aux familles et aux proches des victimes.<\/span><\/p><p><span style=\"font-weight: 400;\">Vu l&rsquo;ampleur de la crise qui s\u00e9vit, il est urgent d&rsquo;apporter de l&rsquo;aide aux familles d\u00e9plac\u00e9es, qui n&rsquo;ont pas de refuge, de nourriture, d&rsquo;eau, de soins m\u00e9dicaux, etc. <\/span><\/p><p><span style=\"font-weight: 400;\">United4Cameroon a d\u00e9cid\u00e9 de collaborer avec des initiatives locales pour soulager les peines de ces populations en d\u00e9tresse. Merci de participer \u00e0 cet \u00e9lan de solidarit\u00e9 en contribuant sur le formulaire ci-contre<\/span><\/p><p><span style=\"font-weight: 400;\">Nous vous remercions par avance pour votre g\u00e9n\u00e9rosit\u00e9.<\/span><span style=\"font-weight: 400;\"><br \/><\/span><i><\/i><\/p><p><i><span style=\"font-weight: 400;\">U4C, because Justice matters !<br \/><\/span><\/i><i><span style=\"font-weight: 400;\">14 d\u00e9cembre 2021<\/span><\/i><\/p>\t\t\t\t\t\t\t\t<\/div>\n\t\t\t\t<\/div>\n\t\t\t\t\t<\/div>\n\t\t<\/div>\n\t\t\t\t<div class=\"elementor-column elementor-col-50 elementor-top-column elementor-element elementor-element-c863c53 column-style-top column-top\" data-id=\"c863c53\" data-element_type=\"column\" data-e-type=\"column\" data-settings=\"{&quot;background_background&quot;:&quot;classic&quot;}\">\n\t\t\t<div class=\"elementor-widget-wrap elementor-element-populated\">\n\t\t\t\t\t\t<div class=\"elementor-element elementor-element-8c3e2f1 elementor-widget elementor-widget-text-editor\" data-id=\"8c3e2f1\" data-element_type=\"widget\" data-e-type=\"widget\" data-widget_type=\"text-editor.default\">\n\t\t\t\t<div class=\"elementor-widget-container\">\n\t\t\t\t\t\t\t\t\t<p><strong>Formulaire indisponible : campagne cl\u00f4tur\u00e9e<\/strong><\/p>\t\t\t\t\t\t\t\t<\/div>\n\t\t\t\t<\/div>\n\t\t\t\t\t<\/div>\n\t\t<\/div>\n\t\t\t\t\t<\/div>\n\t\t<\/section>\n\t\t\t\t<section class=\"elementor-section elementor-top-section elementor-element elementor-element-70ba9cb elementor-section-boxed elementor-section-height-default elementor-section-height-default\" data-id=\"70ba9cb\" data-element_type=\"section\" data-e-type=\"section\" data-settings=\"{&quot;_ha_eqh_enable&quot;:false}\">\n\t\t\t\t\t\t<div class=\"elementor-container elementor-column-gap-default\">\n\t\t\t\t\t<div class=\"elementor-column elementor-col-100 elementor-top-column elementor-element elementor-element-8dbb869 column-style-top column-top\" data-id=\"8dbb869\" data-element_type=\"column\" data-e-type=\"column\">\n\t\t\t<div class=\"elementor-widget-wrap elementor-element-populated\">\n\t\t\t\t\t\t<div class=\"elementor-element elementor-element-7c475d0 elementor-widget elementor-widget-gva-heading-block\" data-id=\"7c475d0\" data-element_type=\"widget\" data-e-type=\"widget\" data-widget_type=\"gva-heading-block.default\">\n\t\t\t\t<div class=\"elementor-widget-container\">\n\t\t\t\t\t<div class=\"gva-element-gva-heading-block gva-element\">   <div class=\"align-center style-1 widget gsc-heading\">\r\n      <div class=\"content-inner\">\r\n                     <div class=\"heading-icon\"><img decoding=\"async\" src=\"https:\/\/united4cameroon.org\/wp-content\/plugins\/gavias-oxpitan-themer\/elementor\/assets\/images\/icon-heading.png\" alt=\"&lt;span style=&quot;white-space: normal;&quot;&gt;Nous sommes convaincus d&#039;\u00eatre plus forts avec vous&lt;\/span&gt;\"\/><\/div>\r\n           \r\n                     <h2 class=\"title\">\r\n               <span><span style=\"white-space: normal;\">We are convinced that we are stronger with you<\/span><\/span>\r\n            <\/h2>\r\n                              <div class=\"sub-title\"><span>Help us<\/span><\/div>\r\n                  \r\n               <\/div>\r\n   <\/div>\r\n   <div class=\"clearfix\"><\/div>\r\n<\/div>\t\t\t\t<\/div>\n\t\t\t\t<\/div>\n\t\t\t\t\t<\/div>\n\t\t<\/div>\n\t\t\t\t\t<\/div>\n\t\t<\/section>\n\t\t\t\t<section class=\"elementor-section elementor-top-section elementor-element elementor-element-9fe3445 elementor-section-boxed elementor-section-height-default elementor-section-height-default\" data-id=\"9fe3445\" data-element_type=\"section\" data-e-type=\"section\" data-settings=\"{&quot;background_background&quot;:&quot;classic&quot;,&quot;animation&quot;:&quot;none&quot;,&quot;_ha_eqh_enable&quot;:false}\">\n\t\t\t\t\t\t<div class=\"elementor-container elementor-column-gap-default\">\n\t\t\t\t\t<div class=\"elementor-column elementor-col-25 elementor-top-column elementor-element elementor-element-548d1c7 column-style-top column-top\" data-id=\"548d1c7\" data-element_type=\"column\" data-e-type=\"column\">\n\t\t\t<div class=\"elementor-widget-wrap elementor-element-populated\">\n\t\t\t\t\t\t<div class=\"elementor-element elementor-element-2a1e9fc elementor-widget elementor-widget-gva-icon-box-styles\" data-id=\"2a1e9fc\" data-element_type=\"widget\" data-e-type=\"widget\" data-widget_type=\"gva-icon-box-styles.default\">\n\t\t\t\t<div class=\"elementor-widget-container\">\n\t\t\t\t\t<div class=\"gva-element-gva-icon-box-styles gva-element\">\r\n         <div class=\"widget gsc-icon-box-styles style-1\">\r\n         \r\n                     <div class=\"icon-inner\">\r\n                                                <span class=\"icon icon-image\"><img decoding=\"async\" src=\"http:\/\/themesgavias.com\/wp\/oxpitan\/wp-content\/uploads\/2019\/04\/icon-1.png\" alt=\"Paix\"\/><\/span>\r\n                  \r\n            <\/div>\r\n         \r\n         <div class=\"content-inner\">\r\n                           <h3 class=\"title\">\r\n                  Peace               <\/h3>\r\n            \r\n                           <div class=\"desc\">For the return of peace in the North-West and South-West (NOSO) of Cameroon<\/div>\r\n            \r\n         <\/div>\r\n      <\/div> \r\n   \r\n   \r\n      \r\n\r\n\r\n<\/div>\t\t\t\t<\/div>\n\t\t\t\t<\/div>\n\t\t\t\t\t<\/div>\n\t\t<\/div>\n\t\t\t\t<div class=\"elementor-column elementor-col-25 elementor-top-column elementor-element elementor-element-b830358 column-style-top column-top\" data-id=\"b830358\" data-element_type=\"column\" data-e-type=\"column\">\n\t\t\t<div class=\"elementor-widget-wrap elementor-element-populated\">\n\t\t\t\t\t\t<div class=\"elementor-element elementor-element-32e0d34 elementor-widget elementor-widget-gva-icon-box-styles\" data-id=\"32e0d34\" data-element_type=\"widget\" data-e-type=\"widget\" data-widget_type=\"gva-icon-box-styles.default\">\n\t\t\t\t<div class=\"elementor-widget-container\">\n\t\t\t\t\t<div class=\"gva-element-gva-icon-box-styles gva-element\">\r\n         <div class=\"widget gsc-icon-box-styles style-1\">\r\n         \r\n                     <div class=\"icon-inner\">\r\n                                                <span class=\"icon icon-image\"><img decoding=\"async\" src=\"http:\/\/united4cameroon.org\/wp-content\/uploads\/2019\/04\/icon-2.png\" alt=\"Espoir\"\/><\/span>\r\n                  \r\n            <\/div>\r\n         \r\n         <div class=\"content-inner\">\r\n                           <h3 class=\"title\">\r\n                  Hope               <\/h3>\r\n            \r\n                           <div class=\"desc\">For a life full of hope for all children of Cameroon<\/div>\r\n            \r\n         <\/div>\r\n      <\/div> \r\n   \r\n   \r\n      \r\n\r\n\r\n<\/div>\t\t\t\t<\/div>\n\t\t\t\t<\/div>\n\t\t\t\t\t<\/div>\n\t\t<\/div>\n\t\t\t\t<div class=\"elementor-column elementor-col-25 elementor-top-column elementor-element elementor-element-cf076a8 column-style-top column-top\" data-id=\"cf076a8\" data-element_type=\"column\" data-e-type=\"column\">\n\t\t\t<div class=\"elementor-widget-wrap elementor-element-populated\">\n\t\t\t\t\t\t<div class=\"elementor-element elementor-element-180d11c elementor-widget elementor-widget-gva-icon-box-styles\" data-id=\"180d11c\" data-element_type=\"widget\" data-e-type=\"widget\" data-widget_type=\"gva-icon-box-styles.default\">\n\t\t\t\t<div class=\"elementor-widget-container\">\n\t\t\t\t\t<div class=\"gva-element-gva-icon-box-styles gva-element\">\r\n         <div class=\"widget gsc-icon-box-styles style-1\">\r\n         \r\n                     <div class=\"icon-inner\">\r\n                                                <span class=\"icon icon-image\"><img decoding=\"async\" src=\"http:\/\/themesgavias.com\/wp\/oxpitan\/wp-content\/uploads\/2019\/04\/icon-3.png\" alt=\"Libert\u00e9\"\/><\/span>\r\n                  \r\n            <\/div>\r\n         \r\n         <div class=\"content-inner\">\r\n                           <h3 class=\"title\">\r\n                  Freedom               <\/h3>\r\n            \r\n                           <div class=\"desc\">For freedom, democracy and respect for human rights in Cameroon<\/div>\r\n            \r\n         <\/div>\r\n      <\/div> \r\n   \r\n   \r\n      \r\n\r\n\r\n<\/div>\t\t\t\t<\/div>\n\t\t\t\t<\/div>\n\t\t\t\t\t<\/div>\n\t\t<\/div>\n\t\t\t\t<div class=\"elementor-column elementor-col-25 elementor-top-column elementor-element elementor-element-35001dc column-style-top column-top\" data-id=\"35001dc\" data-element_type=\"column\" data-e-type=\"column\">\n\t\t\t<div class=\"elementor-widget-wrap elementor-element-populated\">\n\t\t\t\t\t\t<div class=\"elementor-element elementor-element-d184e3f elementor-widget elementor-widget-gva-icon-box-styles\" data-id=\"d184e3f\" data-element_type=\"widget\" data-e-type=\"widget\" data-widget_type=\"gva-icon-box-styles.default\">\n\t\t\t\t<div class=\"elementor-widget-container\">\n\t\t\t\t\t<div class=\"gva-element-gva-icon-box-styles gva-element\">\r\n         <div class=\"widget gsc-icon-box-styles style-1\">\r\n         \r\n                     <div class=\"icon-inner\">\r\n                                                <span class=\"icon icon-image\"><img decoding=\"async\" src=\"http:\/\/united4cameroon.org\/wp-content\/uploads\/2019\/04\/icon-4.png\" alt=\"Justice\"\/><\/span>\r\n                  \r\n            <\/div>\r\n         \r\n         <div class=\"content-inner\">\r\n                           <h3 class=\"title\">\r\n                  Justice               <\/h3>\r\n            \r\n                           <div class=\"desc\">For a fair justice for all and the respect of the law in Cameroon<\/div>\r\n            \r\n         <\/div>\r\n      <\/div> \r\n   \r\n   \r\n      \r\n\r\n\r\n<\/div>\t\t\t\t<\/div>\n\t\t\t\t<\/div>\n\t\t\t\t\t<\/div>\n\t\t<\/div>\n\t\t\t\t\t<\/div>\n\t\t<\/section>\n\t\t\t\t<section class=\"elementor-section elementor-top-section elementor-element elementor-element-a8d5ef4 elementor-section-boxed elementor-section-height-default elementor-section-height-default\" data-id=\"a8d5ef4\" data-element_type=\"section\" data-e-type=\"section\" data-settings=\"{&quot;_ha_eqh_enable&quot;:false}\">\n\t\t\t\t\t\t<div class=\"elementor-container elementor-column-gap-default\">\n\t\t\t\t\t<div class=\"elementor-column elementor-col-100 elementor-top-column elementor-element elementor-element-28efef2 column-style-top column-top\" data-id=\"28efef2\" data-element_type=\"column\" data-e-type=\"column\">\n\t\t\t<div class=\"elementor-widget-wrap elementor-element-populated\">\n\t\t\t\t\t\t<div class=\"elementor-element elementor-element-4edd259 elementor-widget elementor-widget-html\" data-id=\"4edd259\" data-element_type=\"widget\" data-e-type=\"widget\" data-widget_type=\"html.default\">\n\t\t\t\t<div class=\"elementor-widget-container\">\n\t\t\t\t\t<div class=\"text-center\">\n<a class=\"btn-theme-second\" href=\"https:\/\/united4cameroon.org\/en\/faire-un-don\/\">I donate now !<\/a>\n<\/div>\t\t\t\t<\/div>\n\t\t\t\t<\/div>\n\t\t\t\t\t<\/div>\n\t\t<\/div>\n\t\t\t\t\t<\/div>\n\t\t<\/section>\n\t\t\t\t<\/div>","protected":false},"excerpt":{"rendered":"<p>C\u2019est avec beaucoup d\u2019\u00e9motions et tristesses que United4Cameroon (United for Cameroon) suit les affrontements intercommunautaires en cours dans le d\u00e9partement du Logone et Chari dans la r\u00e9gion de l\u2019Extr\u00eame-Nord du Cameroun. Le bilan actuel d\u00e9nombre plusieurs dizaines de morts, des centaines de bless\u00e9s, plus de 50 000 habitants constitu\u00e9s en majorit\u00e9 de femmes et d\u2019enfants [&hellip;]<\/p>\n","protected":false},"author":3,"featured_media":0,"parent":0,"menu_order":0,"comment_status":"closed","ping_status":"closed","template":"","meta":{"give_campaign_id":0,"footnotes":""},"class_list":["post-358061","page","type-page","status-publish","hentry"],"campaignId":"","_links":{"self":[{"href":"https:\/\/united4cameroon.org\/en\/wp-json\/wp\/v2\/pages\/358061","targetHints":{"allow":["GET"]}}],"collection":[{"href":"https:\/\/united4cameroon.org\/en\/wp-json\/wp\/v2\/pages"}],"about":[{"href":"https:\/\/united4cameroon.org\/en\/wp-json\/wp\/v2\/types\/page"}],"author":[{"embeddable":true,"href":"https:\/\/united4cameroon.org\/en\/wp-json\/wp\/v2\/users\/3"}],"replies":[{"embeddable":true,"href":"https:\/\/united4cameroon.org\/en\/wp-json\/wp\/v2\/comments?post=358061"}],"version-history":[{"count":13,"href":"https:\/\/united4cameroon.org\/en\/wp-json\/wp\/v2\/pages\/358061\/revisions"}],"predecessor-version":[{"id":642159,"href":"https:\/\/united4cameroon.org\/en\/wp-json\/wp\/v2\/pages\/358061\/revisions\/642159"}],"wp:attachment":[{"href":"https:\/\/united4cameroon.org\/en\/wp-json\/wp\/v2\/media?parent=358061"}],"curies":[{"name":"wp","href":"https:\/\/api.w.org\/{rel}","templated":true}]}}