{"id":458426,"date":"2022-03-11T10:59:18","date_gmt":"2022-03-11T10:59:18","guid":{"rendered":"https:\/\/united4cameroon.org\/?page_id=458426"},"modified":"2022-08-03T22:16:04","modified_gmt":"2022-08-03T22:16:04","slug":"soutien-a-paul-chouta","status":"publish","type":"page","link":"https:\/\/united4cameroon.org\/en\/soutien-a-paul-chouta\/","title":{"rendered":"Soutien \u00e0 Paul Chouta"},"content":{"rendered":"<div data-elementor-type=\"wp-page\" data-elementor-id=\"458426\" class=\"elementor elementor-458426\" data-elementor-settings=\"{&quot;ha_cmc_init_switcher&quot;:&quot;no&quot;}\">\n\t\t\t\t\t\t<section class=\"elementor-section elementor-top-section elementor-element elementor-element-e64bf81 elementor-section-boxed elementor-section-height-default elementor-section-height-default\" data-id=\"e64bf81\" data-element_type=\"section\" data-e-type=\"section\" data-settings=\"{&quot;_ha_eqh_enable&quot;:false}\">\n\t\t\t\t\t\t<div class=\"elementor-container elementor-column-gap-default\">\n\t\t\t\t\t<div class=\"elementor-column elementor-col-100 elementor-top-column elementor-element elementor-element-a84d5b6 column-style-top column-top\" data-id=\"a84d5b6\" data-element_type=\"column\" data-e-type=\"column\">\n\t\t\t<div class=\"elementor-widget-wrap elementor-element-populated\">\n\t\t\t\t\t\t<div class=\"elementor-element elementor-element-2beee0c elementor-widget elementor-widget-shortcode\" data-id=\"2beee0c\" data-element_type=\"widget\" data-e-type=\"widget\" data-widget_type=\"shortcode.default\">\n\t\t\t\t<div class=\"elementor-widget-container\">\n\t\t\t\t\t\t\t<div class=\"elementor-shortcode\">\t<div class=\"give-totals-shortcode-wrap\">\n\t\t<div class=\"give-goal-progress\">\n\t<div class=\"raised\">\n\t\t<span class=\"give-percentage\">52%<\/span> funded\t<\/div>\n\n\t<div class=\"give-progress-bar\" role=\"progressbar\" aria-valuemin=\"0\" aria-valuemax=\"100\"\n\t\t aria-valuenow=\"51.75\">\n\t\t\t<span style=\"width: 51.75%;\t\t\t\t\t\t\t\t\t\t\tbackground-color:#2bc253\t\t\t\"><\/span>\n\t<\/div><!-- \/.give-progress-bar -->\n\n<\/div><!-- \/.goal-progress -->\nHey! We&#039;ve raised &euro;1.035,00 of the &euro;2.000,00 we are trying to raise for this campaign!\t<\/div>\n\t<\/div>\n\t\t\t\t\t\t<\/div>\n\t\t\t\t<\/div>\n\t\t\t\t\t<\/div>\n\t\t<\/div>\n\t\t\t\t\t<\/div>\n\t\t<\/section>\n\t\t\t\t<section class=\"elementor-section elementor-top-section elementor-element elementor-element-3247194 elementor-section-stretched elementor-section-boxed elementor-section-height-default elementor-section-height-default\" data-id=\"3247194\" data-element_type=\"section\" data-e-type=\"section\" data-settings=\"{&quot;stretch_section&quot;:&quot;section-stretched&quot;,&quot;background_background&quot;:&quot;classic&quot;,&quot;_ha_eqh_enable&quot;:false}\">\n\t\t\t\t\t\t<div class=\"elementor-container elementor-column-gap-default\">\n\t\t\t\t\t<div class=\"elementor-column elementor-col-50 elementor-top-column elementor-element elementor-element-6167c5d column-style-top column-top\" data-id=\"6167c5d\" data-element_type=\"column\" data-e-type=\"column\">\n\t\t\t<div class=\"elementor-widget-wrap elementor-element-populated\">\n\t\t\t\t\t\t<div class=\"elementor-element elementor-element-9022d0c elementor-widget elementor-widget-text-editor\" data-id=\"9022d0c\" data-element_type=\"widget\" data-e-type=\"widget\" data-widget_type=\"text-editor.default\">\n\t\t\t\t<div class=\"elementor-widget-container\">\n\t\t\t\t\t\t\t\t\t<div class=\"cxmmr5t8 oygrvhab hcukyx3x c1et5uql o9v6fnle ii04i59q\"><div dir=\"auto\"><p><span style=\"font-weight: 400;\">C\u2019est avec beaucoup d\u2019\u00e9motion et tristesse que nous avons appris que le journaliste Paul Chouta a \u00e9t\u00e9 victime d\u2019une agression dans la nuit de mercredi 09 mars \u00e0 jeudi 10 mars 2022 par des individus non identifi\u00e9s.<\/span><\/p><p><span style=\"font-weight: 400;\">Des images effroyables t\u00e9moignent de la violence de l&rsquo;agression qu&rsquo;il a subi.<\/span><\/p><p><span style=\"font-weight: 400;\">Apr\u00e8s avoir \u00e9t\u00e9 incarc\u00e9r\u00e9 pendant 2 ann\u00e9es de mani\u00e8re arbitraire et injuste, Paul Chouta est de nouveau confront\u00e9 \u00e0 la barbarie.<\/span><\/p><p><span style=\"font-weight: 400;\">Mobilisons-nous pour soutenir ce valeureux compatriote qui se bat nuit et jour pour la libert\u00e9 d&rsquo;expression dans notre cher pays en contribuant sur le formulaire ci-contre<\/span><\/p><p><span style=\"font-weight: 400;\">Nous vous remercions par avance pour votre g\u00e9n\u00e9rosit\u00e9.<\/span><\/p><\/div><\/div><div dir=\"auto\"><p><em>U4C, because Justice matters !<\/em><br \/><em>11 mars 2022<\/em><\/p><\/div>\t\t\t\t\t\t\t\t<\/div>\n\t\t\t\t<\/div>\n\t\t\t\t\t<\/div>\n\t\t<\/div>\n\t\t\t\t<div class=\"elementor-column elementor-col-50 elementor-top-column elementor-element elementor-element-c863c53 column-style-top column-top\" data-id=\"c863c53\" data-element_type=\"column\" data-e-type=\"column\" data-settings=\"{&quot;background_background&quot;:&quot;classic&quot;}\">\n\t\t\t<div class=\"elementor-widget-wrap elementor-element-populated\">\n\t\t\t\t\t\t<div class=\"elementor-element elementor-element-cf6dfd2 elementor-widget elementor-widget-text-editor\" data-id=\"cf6dfd2\" data-element_type=\"widget\" data-e-type=\"widget\" data-widget_type=\"text-editor.default\">\n\t\t\t\t<div class=\"elementor-widget-container\">\n\t\t\t\t\t\t\t\t\t<p><strong>Formulaire indisponible : campagne cl\u00f4tur\u00e9e<\/strong><\/p>\t\t\t\t\t\t\t\t<\/div>\n\t\t\t\t<\/div>\n\t\t\t\t\t<\/div>\n\t\t<\/div>\n\t\t\t\t\t<\/div>\n\t\t<\/section>\n\t\t\t\t<section class=\"elementor-section elementor-top-section elementor-element elementor-element-70ba9cb elementor-section-boxed elementor-section-height-default elementor-section-height-default\" data-id=\"70ba9cb\" data-element_type=\"section\" data-e-type=\"section\" data-settings=\"{&quot;_ha_eqh_enable&quot;:false}\">\n\t\t\t\t\t\t<div class=\"elementor-container elementor-column-gap-default\">\n\t\t\t\t\t<div class=\"elementor-column elementor-col-100 elementor-top-column elementor-element elementor-element-8dbb869 column-style-top column-top\" data-id=\"8dbb869\" data-element_type=\"column\" data-e-type=\"column\">\n\t\t\t<div class=\"elementor-widget-wrap elementor-element-populated\">\n\t\t\t\t\t\t<div class=\"elementor-element elementor-element-7c475d0 elementor-widget elementor-widget-gva-heading-block\" data-id=\"7c475d0\" data-element_type=\"widget\" data-e-type=\"widget\" data-widget_type=\"gva-heading-block.default\">\n\t\t\t\t<div class=\"elementor-widget-container\">\n\t\t\t\t\t<div class=\"gva-element-gva-heading-block gva-element\">   <div class=\"align-center style-1 widget gsc-heading\">\r\n      <div class=\"content-inner\">\r\n                     <div class=\"heading-icon\"><img decoding=\"async\" src=\"https:\/\/united4cameroon.org\/wp-content\/plugins\/gavias-oxpitan-themer\/elementor\/assets\/images\/icon-heading.png\" alt=\"&lt;span style=&quot;white-space: normal;&quot;&gt;Nous sommes convaincus d&#039;\u00eatre plus forts avec vous&lt;\/span&gt;\"\/><\/div>\r\n           \r\n                     <h2 class=\"title\">\r\n               <span><span style=\"white-space: normal;\">We are convinced that we are stronger with you<\/span><\/span>\r\n            <\/h2>\r\n                              <div class=\"sub-title\"><span>Help us<\/span><\/div>\r\n                  \r\n               <\/div>\r\n   <\/div>\r\n   <div class=\"clearfix\"><\/div>\r\n<\/div>\t\t\t\t<\/div>\n\t\t\t\t<\/div>\n\t\t\t\t\t<\/div>\n\t\t<\/div>\n\t\t\t\t\t<\/div>\n\t\t<\/section>\n\t\t\t\t<section class=\"elementor-section elementor-top-section elementor-element elementor-element-9fe3445 elementor-section-boxed elementor-section-height-default elementor-section-height-default\" data-id=\"9fe3445\" data-element_type=\"section\" data-e-type=\"section\" data-settings=\"{&quot;background_background&quot;:&quot;classic&quot;,&quot;animation&quot;:&quot;none&quot;,&quot;_ha_eqh_enable&quot;:false}\">\n\t\t\t\t\t\t<div class=\"elementor-container elementor-column-gap-default\">\n\t\t\t\t\t<div class=\"elementor-column elementor-col-25 elementor-top-column elementor-element elementor-element-548d1c7 column-style-top column-top\" data-id=\"548d1c7\" data-element_type=\"column\" data-e-type=\"column\">\n\t\t\t<div class=\"elementor-widget-wrap elementor-element-populated\">\n\t\t\t\t\t\t<div class=\"elementor-element elementor-element-2a1e9fc elementor-widget elementor-widget-gva-icon-box-styles\" data-id=\"2a1e9fc\" data-element_type=\"widget\" data-e-type=\"widget\" data-widget_type=\"gva-icon-box-styles.default\">\n\t\t\t\t<div class=\"elementor-widget-container\">\n\t\t\t\t\t<div class=\"gva-element-gva-icon-box-styles gva-element\">\r\n         <div class=\"widget gsc-icon-box-styles style-1\">\r\n         \r\n                     <div class=\"icon-inner\">\r\n                                                <span class=\"icon icon-image\"><img decoding=\"async\" src=\"http:\/\/themesgavias.com\/wp\/oxpitan\/wp-content\/uploads\/2019\/04\/icon-1.png\" alt=\"Paix\"\/><\/span>\r\n                  \r\n            <\/div>\r\n         \r\n         <div class=\"content-inner\">\r\n                           <h3 class=\"title\">\r\n                  Peace               <\/h3>\r\n            \r\n                           <div class=\"desc\">For the return of peace in the North-West and South-West (NOSO) of Cameroon<\/div>\r\n            \r\n         <\/div>\r\n      <\/div> \r\n   \r\n   \r\n      \r\n\r\n\r\n<\/div>\t\t\t\t<\/div>\n\t\t\t\t<\/div>\n\t\t\t\t\t<\/div>\n\t\t<\/div>\n\t\t\t\t<div class=\"elementor-column elementor-col-25 elementor-top-column elementor-element elementor-element-b830358 column-style-top column-top\" data-id=\"b830358\" data-element_type=\"column\" data-e-type=\"column\">\n\t\t\t<div class=\"elementor-widget-wrap elementor-element-populated\">\n\t\t\t\t\t\t<div class=\"elementor-element elementor-element-32e0d34 elementor-widget elementor-widget-gva-icon-box-styles\" data-id=\"32e0d34\" data-element_type=\"widget\" data-e-type=\"widget\" data-widget_type=\"gva-icon-box-styles.default\">\n\t\t\t\t<div class=\"elementor-widget-container\">\n\t\t\t\t\t<div class=\"gva-element-gva-icon-box-styles gva-element\">\r\n         <div class=\"widget gsc-icon-box-styles style-1\">\r\n         \r\n                     <div class=\"icon-inner\">\r\n                                                <span class=\"icon icon-image\"><img decoding=\"async\" src=\"http:\/\/united4cameroon.org\/wp-content\/uploads\/2019\/04\/icon-2.png\" alt=\"Espoir\"\/><\/span>\r\n                  \r\n            <\/div>\r\n         \r\n         <div class=\"content-inner\">\r\n                           <h3 class=\"title\">\r\n                  Hope               <\/h3>\r\n            \r\n                           <div class=\"desc\">For a life full of hope for all children of Cameroon<\/div>\r\n            \r\n         <\/div>\r\n      <\/div> \r\n   \r\n   \r\n      \r\n\r\n\r\n<\/div>\t\t\t\t<\/div>\n\t\t\t\t<\/div>\n\t\t\t\t\t<\/div>\n\t\t<\/div>\n\t\t\t\t<div class=\"elementor-column elementor-col-25 elementor-top-column elementor-element elementor-element-cf076a8 column-style-top column-top\" data-id=\"cf076a8\" data-element_type=\"column\" data-e-type=\"column\">\n\t\t\t<div class=\"elementor-widget-wrap elementor-element-populated\">\n\t\t\t\t\t\t<div class=\"elementor-element elementor-element-180d11c elementor-widget elementor-widget-gva-icon-box-styles\" data-id=\"180d11c\" data-element_type=\"widget\" data-e-type=\"widget\" data-widget_type=\"gva-icon-box-styles.default\">\n\t\t\t\t<div class=\"elementor-widget-container\">\n\t\t\t\t\t<div class=\"gva-element-gva-icon-box-styles gva-element\">\r\n         <div class=\"widget gsc-icon-box-styles style-1\">\r\n         \r\n                     <div class=\"icon-inner\">\r\n                                                <span class=\"icon icon-image\"><img decoding=\"async\" src=\"http:\/\/themesgavias.com\/wp\/oxpitan\/wp-content\/uploads\/2019\/04\/icon-3.png\" alt=\"Libert\u00e9\"\/><\/span>\r\n                  \r\n            <\/div>\r\n         \r\n         <div class=\"content-inner\">\r\n                           <h3 class=\"title\">\r\n                  Freedom               <\/h3>\r\n            \r\n                           <div class=\"desc\">For freedom, democracy and respect for human rights in Cameroon<\/div>\r\n            \r\n         <\/div>\r\n      <\/div> \r\n   \r\n   \r\n      \r\n\r\n\r\n<\/div>\t\t\t\t<\/div>\n\t\t\t\t<\/div>\n\t\t\t\t\t<\/div>\n\t\t<\/div>\n\t\t\t\t<div class=\"elementor-column elementor-col-25 elementor-top-column elementor-element elementor-element-35001dc column-style-top column-top\" data-id=\"35001dc\" data-element_type=\"column\" data-e-type=\"column\">\n\t\t\t<div class=\"elementor-widget-wrap elementor-element-populated\">\n\t\t\t\t\t\t<div class=\"elementor-element elementor-element-d184e3f elementor-widget elementor-widget-gva-icon-box-styles\" data-id=\"d184e3f\" data-element_type=\"widget\" data-e-type=\"widget\" data-widget_type=\"gva-icon-box-styles.default\">\n\t\t\t\t<div class=\"elementor-widget-container\">\n\t\t\t\t\t<div class=\"gva-element-gva-icon-box-styles gva-element\">\r\n         <div class=\"widget gsc-icon-box-styles style-1\">\r\n         \r\n                     <div class=\"icon-inner\">\r\n                                                <span class=\"icon icon-image\"><img decoding=\"async\" src=\"http:\/\/united4cameroon.org\/wp-content\/uploads\/2019\/04\/icon-4.png\" alt=\"Justice\"\/><\/span>\r\n                  \r\n            <\/div>\r\n         \r\n         <div class=\"content-inner\">\r\n                           <h3 class=\"title\">\r\n                  Justice               <\/h3>\r\n            \r\n                           <div class=\"desc\">For a fair justice for all and the respect of the law in Cameroon<\/div>\r\n            \r\n         <\/div>\r\n      <\/div> \r\n   \r\n   \r\n      \r\n\r\n\r\n<\/div>\t\t\t\t<\/div>\n\t\t\t\t<\/div>\n\t\t\t\t\t<\/div>\n\t\t<\/div>\n\t\t\t\t\t<\/div>\n\t\t<\/section>\n\t\t\t\t<section class=\"elementor-section elementor-top-section elementor-element elementor-element-a8d5ef4 elementor-section-boxed elementor-section-height-default elementor-section-height-default\" data-id=\"a8d5ef4\" data-element_type=\"section\" data-e-type=\"section\" data-settings=\"{&quot;_ha_eqh_enable&quot;:false}\">\n\t\t\t\t\t\t<div class=\"elementor-container elementor-column-gap-default\">\n\t\t\t\t\t<div class=\"elementor-column elementor-col-100 elementor-top-column elementor-element elementor-element-28efef2 column-style-top column-top\" data-id=\"28efef2\" data-element_type=\"column\" data-e-type=\"column\">\n\t\t\t<div class=\"elementor-widget-wrap elementor-element-populated\">\n\t\t\t\t\t\t<div class=\"elementor-element elementor-element-4edd259 elementor-widget elementor-widget-html\" data-id=\"4edd259\" data-element_type=\"widget\" data-e-type=\"widget\" data-widget_type=\"html.default\">\n\t\t\t\t<div class=\"elementor-widget-container\">\n\t\t\t\t\t<div class=\"text-center\">\n<a class=\"btn-theme-second\" href=\"https:\/\/united4cameroon.org\/en\/faire-un-don\/\">I donate now !<\/a>\n<\/div>\t\t\t\t<\/div>\n\t\t\t\t<\/div>\n\t\t\t\t\t<\/div>\n\t\t<\/div>\n\t\t\t\t\t<\/div>\n\t\t<\/section>\n\t\t\t\t<\/div>","protected":false},"excerpt":{"rendered":"<p>C\u2019est avec beaucoup d\u2019\u00e9motion et tristesse que nous avons appris que le journaliste Paul Chouta a \u00e9t\u00e9 victime d\u2019une agression dans la nuit de mercredi 09 mars \u00e0 jeudi 10 mars 2022 par des individus non identifi\u00e9s. Des images effroyables t\u00e9moignent de la violence de l&rsquo;agression qu&rsquo;il a subi. Apr\u00e8s avoir \u00e9t\u00e9 incarc\u00e9r\u00e9 pendant 2 [&hellip;]<\/p>\n","protected":false},"author":3,"featured_media":0,"parent":0,"menu_order":0,"comment_status":"closed","ping_status":"closed","template":"","meta":{"give_campaign_id":0,"footnotes":""},"class_list":["post-458426","page","type-page","status-publish","hentry"],"campaignId":"","_links":{"self":[{"href":"https:\/\/united4cameroon.org\/en\/wp-json\/wp\/v2\/pages\/458426","targetHints":{"allow":["GET"]}}],"collection":[{"href":"https:\/\/united4cameroon.org\/en\/wp-json\/wp\/v2\/pages"}],"about":[{"href":"https:\/\/united4cameroon.org\/en\/wp-json\/wp\/v2\/types\/page"}],"author":[{"embeddable":true,"href":"https:\/\/united4cameroon.org\/en\/wp-json\/wp\/v2\/users\/3"}],"replies":[{"embeddable":true,"href":"https:\/\/united4cameroon.org\/en\/wp-json\/wp\/v2\/comments?post=458426"}],"version-history":[{"count":19,"href":"https:\/\/united4cameroon.org\/en\/wp-json\/wp\/v2\/pages\/458426\/revisions"}],"predecessor-version":[{"id":642122,"href":"https:\/\/united4cameroon.org\/en\/wp-json\/wp\/v2\/pages\/458426\/revisions\/642122"}],"wp:attachment":[{"href":"https:\/\/united4cameroon.org\/en\/wp-json\/wp\/v2\/media?parent=458426"}],"curies":[{"name":"wp","href":"https:\/\/api.w.org\/{rel}","templated":true}]}}