{"id":47339,"date":"2021-02-13T05:44:35","date_gmt":"2021-02-13T05:44:35","guid":{"rendered":"https:\/\/united4cameroon.org\/?page_id=47339"},"modified":"2021-11-25T22:19:05","modified_gmt":"2021-11-25T22:19:05","slug":"diffusions-en-direct","status":"publish","type":"page","link":"https:\/\/united4cameroon.org\/en\/diffusions-en-direct\/","title":{"rendered":"Live streams"},"content":{"rendered":"<div data-elementor-type=\"wp-page\" data-elementor-id=\"47339\" class=\"elementor elementor-47339\" data-elementor-settings=\"{&quot;ha_cmc_init_switcher&quot;:&quot;no&quot;}\">\n\t\t\t\t\t\t<section class=\"elementor-section elementor-top-section elementor-element elementor-element-5084408 elementor-section-stretched elementor-section-boxed elementor-section-height-default elementor-section-height-default\" data-id=\"5084408\" data-element_type=\"section\" data-e-type=\"section\" data-settings=\"{&quot;stretch_section&quot;:&quot;section-stretched&quot;,&quot;_ha_eqh_enable&quot;:false}\">\n\t\t\t\t\t\t<div class=\"elementor-container elementor-column-gap-default\">\n\t\t\t\t\t<div class=\"elementor-column elementor-col-33 elementor-top-column elementor-element elementor-element-8bd8926 column-style-top column-top\" data-id=\"8bd8926\" data-element_type=\"column\" data-e-type=\"column\">\n\t\t\t<div class=\"elementor-widget-wrap elementor-element-populated\">\n\t\t\t\t\t\t<div class=\"elementor-element elementor-element-ffe1673 elementor-widget elementor-widget-image\" data-id=\"ffe1673\" data-element_type=\"widget\" data-e-type=\"widget\" data-widget_type=\"image.default\">\n\t\t\t\t<div class=\"elementor-widget-container\">\n\t\t\t\t\t\t\t\t\t\t\t\t\t\t\t<img fetchpriority=\"high\" decoding=\"async\" width=\"770\" height=\"1024\" src=\"https:\/\/united4cameroon.org\/wp-content\/uploads\/2021\/05\/planning-lives-u4c-ete-770x1024.jpg\" class=\"attachment-large size-large wp-image-107702\" alt=\"\" \/>\t\t\t\t\t\t\t\t\t\t\t\t\t\t\t<\/div>\n\t\t\t\t<\/div>\n\t\t\t\t\t<\/div>\n\t\t<\/div>\n\t\t\t\t<div class=\"elementor-column elementor-col-66 elementor-top-column elementor-element elementor-element-2043a7f column-style-top column-top\" data-id=\"2043a7f\" data-element_type=\"column\" data-e-type=\"column\">\n\t\t\t<div class=\"elementor-widget-wrap elementor-element-populated\">\n\t\t\t\t\t\t<div class=\"elementor-element elementor-element-31a7812 elementor-widget elementor-widget-video\" data-id=\"31a7812\" data-element_type=\"widget\" data-e-type=\"widget\" data-settings=\"{&quot;youtube_url&quot;:&quot;https:\\\/\\\/youtu.be\\\/0cfLUM8YF0o&quot;,&quot;video_type&quot;:&quot;youtube&quot;,&quot;controls&quot;:&quot;yes&quot;}\" data-widget_type=\"video.default\">\n\t\t\t\t<div class=\"elementor-widget-container\">\n\t\t\t\t\t\t\t<div class=\"elementor-wrapper elementor-open-inline\">\n\t\t\t<div class=\"elementor-video\"><\/div>\t\t<\/div>\n\t\t\t\t\t\t<\/div>\n\t\t\t\t<\/div>\n\t\t\t\t\t<\/div>\n\t\t<\/div>\n\t\t\t\t\t<\/div>\n\t\t<\/section>\n\t\t\t\t<section class=\"elementor-section elementor-top-section elementor-element elementor-element-d34dbb1 elementor-section-boxed elementor-section-height-default elementor-section-height-default\" data-id=\"d34dbb1\" data-element_type=\"section\" data-e-type=\"section\" data-settings=\"{&quot;_ha_eqh_enable&quot;:false}\">\n\t\t\t\t\t\t<div class=\"elementor-container elementor-column-gap-default\">\n\t\t\t\t\t<div class=\"elementor-column elementor-col-100 elementor-top-column elementor-element elementor-element-3811d26 column-style-top column-top\" data-id=\"3811d26\" data-element_type=\"column\" data-e-type=\"column\">\n\t\t\t<div class=\"elementor-widget-wrap elementor-element-populated\">\n\t\t\t\t\t\t<div class=\"elementor-element elementor-element-65ff851 elementor-widget elementor-widget-gva-heading-block\" data-id=\"65ff851\" data-element_type=\"widget\" data-e-type=\"widget\" data-widget_type=\"gva-heading-block.default\">\n\t\t\t\t<div class=\"elementor-widget-container\">\n\t\t\t\t\t<div class=\"gva-element-gva-heading-block gva-element\">   <div class=\"align-center style-1 widget gsc-heading\">\r\n      <div class=\"content-inner\">\r\n                     <div class=\"heading-icon\"><img decoding=\"async\" src=\"https:\/\/united4cameroon.org\/wp-content\/plugins\/gavias-oxpitan-themer\/elementor\/assets\/images\/icon-heading.png\" alt=\"&lt;span style=&quot;white-space: normal;&quot;&gt;Nous sommes convaincus d&#039;\u00eatre plus forts avec vous&lt;\/span&gt;\"\/><\/div>\r\n           \r\n                     <h2 class=\"title\">\r\n               <span><span style=\"white-space: normal;\">We are convinced that we are stronger with you<\/span><\/span>\r\n            <\/h2>\r\n                              <div class=\"sub-title\"><span>Help us<\/span><\/div>\r\n                  \r\n               <\/div>\r\n   <\/div>\r\n   <div class=\"clearfix\"><\/div>\r\n<\/div>\t\t\t\t<\/div>\n\t\t\t\t<\/div>\n\t\t\t\t\t<\/div>\n\t\t<\/div>\n\t\t\t\t\t<\/div>\n\t\t<\/section>\n\t\t\t\t<section class=\"elementor-section elementor-top-section elementor-element elementor-element-75d2190 elementor-section-boxed elementor-section-height-default elementor-section-height-default\" data-id=\"75d2190\" data-element_type=\"section\" data-e-type=\"section\" data-settings=\"{&quot;background_background&quot;:&quot;classic&quot;,&quot;animation&quot;:&quot;none&quot;,&quot;_ha_eqh_enable&quot;:false}\">\n\t\t\t\t\t\t<div class=\"elementor-container elementor-column-gap-default\">\n\t\t\t\t\t<div class=\"elementor-column elementor-col-25 elementor-top-column elementor-element elementor-element-421de72 column-style-top column-top\" data-id=\"421de72\" data-element_type=\"column\" data-e-type=\"column\">\n\t\t\t<div class=\"elementor-widget-wrap elementor-element-populated\">\n\t\t\t\t\t\t<div class=\"elementor-element elementor-element-e63d49a elementor-widget elementor-widget-gva-icon-box-styles\" data-id=\"e63d49a\" data-element_type=\"widget\" data-e-type=\"widget\" data-widget_type=\"gva-icon-box-styles.default\">\n\t\t\t\t<div class=\"elementor-widget-container\">\n\t\t\t\t\t<div class=\"gva-element-gva-icon-box-styles gva-element\">\r\n         <div class=\"widget gsc-icon-box-styles style-1\">\r\n         \r\n                     <div class=\"icon-inner\">\r\n                                                <span class=\"icon icon-image\"><img decoding=\"async\" src=\"http:\/\/themesgavias.com\/wp\/oxpitan\/wp-content\/uploads\/2019\/04\/icon-1.png\" alt=\"Paix\"\/><\/span>\r\n                  \r\n            <\/div>\r\n         \r\n         <div class=\"content-inner\">\r\n                           <h3 class=\"title\">\r\n                  Peace               <\/h3>\r\n            \r\n                           <div class=\"desc\">For the return of peace in the North-West and South-West (NOSO) of Cameroon<\/div>\r\n            \r\n         <\/div>\r\n      <\/div> \r\n   \r\n   \r\n      \r\n\r\n\r\n<\/div>\t\t\t\t<\/div>\n\t\t\t\t<\/div>\n\t\t\t\t\t<\/div>\n\t\t<\/div>\n\t\t\t\t<div class=\"elementor-column elementor-col-25 elementor-top-column elementor-element elementor-element-95f8306 column-style-top column-top\" data-id=\"95f8306\" data-element_type=\"column\" data-e-type=\"column\">\n\t\t\t<div class=\"elementor-widget-wrap elementor-element-populated\">\n\t\t\t\t\t\t<div class=\"elementor-element elementor-element-db62a75 elementor-widget elementor-widget-gva-icon-box-styles\" data-id=\"db62a75\" data-element_type=\"widget\" data-e-type=\"widget\" data-widget_type=\"gva-icon-box-styles.default\">\n\t\t\t\t<div class=\"elementor-widget-container\">\n\t\t\t\t\t<div class=\"gva-element-gva-icon-box-styles gva-element\">\r\n         <div class=\"widget gsc-icon-box-styles style-1\">\r\n         \r\n                     <div class=\"icon-inner\">\r\n                                                <span class=\"icon icon-image\"><img decoding=\"async\" src=\"http:\/\/united4cameroon.org\/wp-content\/uploads\/2019\/04\/icon-2.png\" alt=\"Espoir\"\/><\/span>\r\n                  \r\n            <\/div>\r\n         \r\n         <div class=\"content-inner\">\r\n                           <h3 class=\"title\">\r\n                  Hope               <\/h3>\r\n            \r\n                           <div class=\"desc\">For a life full of hope for all children of Cameroon<\/div>\r\n            \r\n         <\/div>\r\n      <\/div> \r\n   \r\n   \r\n      \r\n\r\n\r\n<\/div>\t\t\t\t<\/div>\n\t\t\t\t<\/div>\n\t\t\t\t\t<\/div>\n\t\t<\/div>\n\t\t\t\t<div class=\"elementor-column elementor-col-25 elementor-top-column elementor-element elementor-element-fb16dd6 column-style-top column-top\" data-id=\"fb16dd6\" data-element_type=\"column\" data-e-type=\"column\">\n\t\t\t<div class=\"elementor-widget-wrap elementor-element-populated\">\n\t\t\t\t\t\t<div class=\"elementor-element elementor-element-0730344 elementor-widget elementor-widget-gva-icon-box-styles\" data-id=\"0730344\" data-element_type=\"widget\" data-e-type=\"widget\" data-widget_type=\"gva-icon-box-styles.default\">\n\t\t\t\t<div class=\"elementor-widget-container\">\n\t\t\t\t\t<div class=\"gva-element-gva-icon-box-styles gva-element\">\r\n         <div class=\"widget gsc-icon-box-styles style-1\">\r\n         \r\n                     <div class=\"icon-inner\">\r\n                                                <span class=\"icon icon-image\"><img decoding=\"async\" src=\"http:\/\/themesgavias.com\/wp\/oxpitan\/wp-content\/uploads\/2019\/04\/icon-3.png\" alt=\"Libert\u00e9\"\/><\/span>\r\n                  \r\n            <\/div>\r\n         \r\n         <div class=\"content-inner\">\r\n                           <h3 class=\"title\">\r\n                  Freedom               <\/h3>\r\n            \r\n                           <div class=\"desc\">For freedom, democracy and respect for human rights in Cameroon<\/div>\r\n            \r\n         <\/div>\r\n      <\/div> \r\n   \r\n   \r\n      \r\n\r\n\r\n<\/div>\t\t\t\t<\/div>\n\t\t\t\t<\/div>\n\t\t\t\t\t<\/div>\n\t\t<\/div>\n\t\t\t\t<div class=\"elementor-column elementor-col-25 elementor-top-column elementor-element elementor-element-689f6f2 column-style-top column-top\" data-id=\"689f6f2\" data-element_type=\"column\" data-e-type=\"column\">\n\t\t\t<div class=\"elementor-widget-wrap elementor-element-populated\">\n\t\t\t\t\t\t<div class=\"elementor-element elementor-element-b270cdb elementor-widget elementor-widget-gva-icon-box-styles\" data-id=\"b270cdb\" data-element_type=\"widget\" data-e-type=\"widget\" data-widget_type=\"gva-icon-box-styles.default\">\n\t\t\t\t<div class=\"elementor-widget-container\">\n\t\t\t\t\t<div class=\"gva-element-gva-icon-box-styles gva-element\">\r\n         <div class=\"widget gsc-icon-box-styles style-1\">\r\n         \r\n                     <div class=\"icon-inner\">\r\n                                                <span class=\"icon icon-image\"><img decoding=\"async\" src=\"http:\/\/united4cameroon.org\/wp-content\/uploads\/2019\/04\/icon-4.png\" alt=\"Justice\"\/><\/span>\r\n                  \r\n            <\/div>\r\n         \r\n         <div class=\"content-inner\">\r\n                           <h3 class=\"title\">\r\n                  Justice               <\/h3>\r\n            \r\n                           <div class=\"desc\">For a fair justice for all and the respect of the law in Cameroon<\/div>\r\n            \r\n         <\/div>\r\n      <\/div> \r\n   \r\n   \r\n      \r\n\r\n\r\n<\/div>\t\t\t\t<\/div>\n\t\t\t\t<\/div>\n\t\t\t\t\t<\/div>\n\t\t<\/div>\n\t\t\t\t\t<\/div>\n\t\t<\/section>\n\t\t\t\t<section class=\"elementor-section elementor-top-section elementor-element elementor-element-4f462b3 elementor-section-boxed elementor-section-height-default elementor-section-height-default\" data-id=\"4f462b3\" data-element_type=\"section\" data-e-type=\"section\" data-settings=\"{&quot;_ha_eqh_enable&quot;:false}\">\n\t\t\t\t\t\t<div class=\"elementor-container elementor-column-gap-default\">\n\t\t\t\t\t<div class=\"elementor-column elementor-col-100 elementor-top-column elementor-element elementor-element-c445b72 column-style-top column-top\" data-id=\"c445b72\" data-element_type=\"column\" data-e-type=\"column\">\n\t\t\t<div class=\"elementor-widget-wrap elementor-element-populated\">\n\t\t\t\t\t\t<div class=\"elementor-element elementor-element-450a6b9 elementor-widget elementor-widget-html\" data-id=\"450a6b9\" data-element_type=\"widget\" data-e-type=\"widget\" data-widget_type=\"html.default\">\n\t\t\t\t<div class=\"elementor-widget-container\">\n\t\t\t\t\t<div class=\"text-center\">\n<a class=\"btn-theme-second\" href=\"https:\/\/united4cameroon.org\/en\/faire-un-don\/\">I donate now !<\/a>\n<\/div>\t\t\t\t<\/div>\n\t\t\t\t<\/div>\n\t\t\t\t\t<\/div>\n\t\t<\/div>\n\t\t\t\t\t<\/div>\n\t\t<\/section>\n\t\t\t\t<\/div>","protected":false},"excerpt":{"rendered":"<p>Nous sommes convaincus d&rsquo;\u00eatre plus forts avec vous Aidez-nous Paix Pour le retour de la paix dans le Nord-Ouest et le Sud-Ouest (NOSO) du Cameroun Espoir Pour une vie pleine d&rsquo;espoir pour tous les enfants du Cameroun Libert\u00e9 Pour la libert\u00e9, la d\u00e9mocratie et le respect des droits humains au Cameroun Justice Pour une justice [&hellip;]<\/p>\n","protected":false},"author":3,"featured_media":0,"parent":0,"menu_order":0,"comment_status":"closed","ping_status":"closed","template":"","meta":{"give_campaign_id":0,"footnotes":""},"class_list":["post-47339","page","type-page","status-publish","hentry"],"campaignId":"","_links":{"self":[{"href":"https:\/\/united4cameroon.org\/en\/wp-json\/wp\/v2\/pages\/47339","targetHints":{"allow":["GET"]}}],"collection":[{"href":"https:\/\/united4cameroon.org\/en\/wp-json\/wp\/v2\/pages"}],"about":[{"href":"https:\/\/united4cameroon.org\/en\/wp-json\/wp\/v2\/types\/page"}],"author":[{"embeddable":true,"href":"https:\/\/united4cameroon.org\/en\/wp-json\/wp\/v2\/users\/3"}],"replies":[{"embeddable":true,"href":"https:\/\/united4cameroon.org\/en\/wp-json\/wp\/v2\/comments?post=47339"}],"version-history":[{"count":228,"href":"https:\/\/united4cameroon.org\/en\/wp-json\/wp\/v2\/pages\/47339\/revisions"}],"predecessor-version":[{"id":337665,"href":"https:\/\/united4cameroon.org\/en\/wp-json\/wp\/v2\/pages\/47339\/revisions\/337665"}],"wp:attachment":[{"href":"https:\/\/united4cameroon.org\/en\/wp-json\/wp\/v2\/media?parent=47339"}],"curies":[{"name":"wp","href":"https:\/\/api.w.org\/{rel}","templated":true}]}}