{"id":4964,"date":"2020-12-09T03:53:04","date_gmt":"2020-12-09T03:53:04","guid":{"rendered":"http:\/\/togetherforcameroon.org\/?page_id=4964"},"modified":"2020-12-16T02:59:21","modified_gmt":"2020-12-16T02:59:21","slug":"mentions-legales","status":"publish","type":"page","link":"https:\/\/united4cameroon.org\/en\/mentions-legales\/","title":{"rendered":"Legal notices"},"content":{"rendered":"<div data-elementor-type=\"wp-page\" data-elementor-id=\"4964\" class=\"elementor elementor-4964\" data-elementor-settings=\"{&quot;ha_cmc_init_switcher&quot;:&quot;no&quot;}\">\n\t\t\t\t\t\t<section class=\"elementor-section elementor-top-section elementor-element elementor-element-6e284e1 elementor-section-boxed elementor-section-height-default elementor-section-height-default\" data-id=\"6e284e1\" data-element_type=\"section\" data-e-type=\"section\" data-settings=\"{&quot;_ha_eqh_enable&quot;:false}\">\n\t\t\t\t\t\t<div class=\"elementor-container elementor-column-gap-default\">\n\t\t\t\t\t<div class=\"elementor-column elementor-col-100 elementor-top-column elementor-element elementor-element-907c5fd column-style-top column-top\" data-id=\"907c5fd\" data-element_type=\"column\" data-e-type=\"column\">\n\t\t\t<div class=\"elementor-widget-wrap elementor-element-populated\">\n\t\t\t\t\t\t<div class=\"elementor-element elementor-element-371abf9 elementor-widget elementor-widget-text-editor\" data-id=\"371abf9\" data-element_type=\"widget\" data-e-type=\"widget\" data-widget_type=\"text-editor.default\">\n\t\t\t\t<div class=\"elementor-widget-container\">\n\t\t\t\t\t\t\t\t\t<p><\/p>\n<div class=\"is-layout-flow wp-block-group-is-layout-flow\"><div class=\"wp-block-group__inner-container\">\n<div>\n<p><\/p>\n<h1 class=\"wp-block-heading\">SITE EDITOR<\/h1>\n<p>Le site www.united4cameroon.org est \u00e9dit\u00e9 par <strong>UNITED4CAMEROON<\/strong>.<\/p>\n<p>&nbsp;<\/p>\n<p>&nbsp;<\/p>\n<div>\n<div>\n<p><\/p>\n<\/div>\n<\/div><\/div>\n<p><\/p>\n<p><\/p>\n<div class=\"is-layout-flow wp-block-group-is-layout-flow\"><div class=\"wp-block-group__inner-container\">\n<div>\n<p><\/p>\n<h1 class=\"wp-block-heading\">TERMS OF USE<\/h1>\n<p><\/p>\n<p><\/p>\n<p>This site has been designed using modern web technologies for greater comfort and a more pleasant graphics. We therefore recommend that you use modern browsers like Google Chrome, Firefox, Safari, etc.&nbsp;<span style=\"font-weight: bolder;\">UNITED4CAMEROON&nbsp;<\/span>uses all the means at its disposal to ensure reliable information and reliable updating of the content of this website. However, errors or omissions that may occur: the user can report (via our contact page) any changes to the site that he deems useful.<\/p>\n<p>&nbsp;<\/p>\n<p>&nbsp;<\/p>\n<p><\/p>\n<\/div>\n<\/div><\/div>\n<p><\/p>\n<p><\/p>\n<div class=\"is-layout-flow wp-block-group-is-layout-flow\"><div class=\"wp-block-group__inner-container\">\n<div>\n<h1>INTELLECTUAL PROPERTY<\/h1>\n<p>All the content of this site including, without limitation, graphics, images, texts, videos, animations, sounds, logos, gifs and icons as well as their formatting are subject to copyright.<\/p>\n<\/div>\n<p>Any reproduction, distribution, modification, adaptation, retransmission or publication, even partial, of these various elements is strictly prohibited without the express written consent of&nbsp;<span style=\"font-weight: bolder;\">UNITED4CAMEROON<\/span>. A representation or reproduction, by any means whatsoever, constitutes an infringement which may engage the civil and criminal liability of the infringer.<\/p>\n<div>&nbsp;<\/div>\n<\/div><\/div>\n<p><\/p>\n<p><\/p>\n<div class=\"is-layout-flow wp-block-group-is-layout-flow\"><div class=\"wp-block-group__inner-container\">\n<div>\n<p><\/p>\n<h1 class=\"wp-block-heading\">PERSONAL DATA<\/h1>\n<p><\/p>\n<\/div>\n<\/div><\/div>\n<p><\/p>\n<p><\/p>\n<p>In general, you are not required to provide us with your personal data when you visit our website.&nbsp;<\/p>\n<p>We may automatically collect certain information about you when simply browsing our website, including information about the use of our site, such as the areas you visit and the services you access, your IP address, type of your browser, your access times.<\/p>\n<p>Such information is used exclusively for internal statistical purposes, so as to improve the quality of the services offered to you.<\/p>\n<p><\/p>\n<p><\/p>\n<p><\/p>\n<p><\/p>\n<p><\/p>\n<\/div>\n<\/div>\t\t\t\t\t\t\t\t<\/div>\n\t\t\t\t<\/div>\n\t\t\t\t\t<\/div>\n\t\t<\/div>\n\t\t\t\t\t<\/div>\n\t\t<\/section>\n\t\t\t\t<\/div>","protected":false},"excerpt":{"rendered":"<p>\u00c9DITEUR DU SITE Le site www.united4cameroon.org est \u00e9dit\u00e9 par UNITED4CAMEROON. &nbsp; &nbsp; CONDITIONS D&rsquo;UTILISATION Ce site a \u00e9t\u00e9 con\u00e7u au moyen de technologies web modernes pour un meilleur confort d\u2019utilisation et un graphisme plus agr\u00e9able. Nous vous recommandons donc de recourir \u00e0 des navigateurs modernes comme Google Chrome, Firefox, Safari, etc\u2026&nbsp;UNITED4CAMEROON&nbsp;met en \u0153uvre tous les [&hellip;]<\/p>\n","protected":false},"author":1,"featured_media":0,"parent":0,"menu_order":0,"comment_status":"closed","ping_status":"closed","template":"","meta":{"give_campaign_id":0,"footnotes":""},"class_list":["post-4964","page","type-page","status-publish","hentry"],"campaignId":"","_links":{"self":[{"href":"https:\/\/united4cameroon.org\/en\/wp-json\/wp\/v2\/pages\/4964","targetHints":{"allow":["GET"]}}],"collection":[{"href":"https:\/\/united4cameroon.org\/en\/wp-json\/wp\/v2\/pages"}],"about":[{"href":"https:\/\/united4cameroon.org\/en\/wp-json\/wp\/v2\/types\/page"}],"author":[{"embeddable":true,"href":"https:\/\/united4cameroon.org\/en\/wp-json\/wp\/v2\/users\/1"}],"replies":[{"embeddable":true,"href":"https:\/\/united4cameroon.org\/en\/wp-json\/wp\/v2\/comments?post=4964"}],"version-history":[{"count":13,"href":"https:\/\/united4cameroon.org\/en\/wp-json\/wp\/v2\/pages\/4964\/revisions"}],"predecessor-version":[{"id":5016,"href":"https:\/\/united4cameroon.org\/en\/wp-json\/wp\/v2\/pages\/4964\/revisions\/5016"}],"wp:attachment":[{"href":"https:\/\/united4cameroon.org\/en\/wp-json\/wp\/v2\/media?parent=4964"}],"curies":[{"name":"wp","href":"https:\/\/api.w.org\/{rel}","templated":true}]}}