{"id":134450,"date":"2021-06-03T00:30:14","date_gmt":"2021-06-03T00:30:14","guid":{"rendered":"https:\/\/united4cameroon.org\/?post_type=product&#038;p=134450"},"modified":"2021-06-09T14:33:57","modified_gmt":"2021-06-09T14:33:57","slug":"stop-a-la-guerre-au-noso","status":"publish","type":"product","link":"https:\/\/united4cameroon.org\/en\/product\/stop-a-la-guerre-au-noso\/","title":{"rendered":"STOP \u00e0 la guerre au NOSO [ Noir ]"},"content":{"rendered":"<p>T-shirt de d\u00e9nonciation de la guerre et du g\u00e9nocide qui s\u00e9vissent dans le Nord-Ouest et le Sud-Ouest du Cameroun.<\/p>\n<p>Couleur: noir<\/p>\n<p>Unisex<\/p>","protected":false},"excerpt":{"rendered":"<p>T-shirt de d\u00e9nonciation de la guerre et du g\u00e9nocide qui s\u00e9vissent dans le Nord-Ouest et le Sud-Ouest du Cameroun. Couleur: noir Unisex<\/p>","protected":false},"featured_media":148158,"template":"","meta":{"give_campaign_id":0},"product_brand":[],"product_cat":[107],"product_tag":[],"class_list":{"0":"post-134450","1":"product","2":"type-product","3":"status-publish","4":"has-post-thumbnail","6":"product_cat-107","7":"product_shipping_class-108","9":"first","10":"instock","11":"shipping-taxable","12":"purchasable","13":"product-type-variable"},"_links":{"self":[{"href":"https:\/\/united4cameroon.org\/en\/wp-json\/wp\/v2\/product\/134450","targetHints":{"allow":["GET"]}}],"collection":[{"href":"https:\/\/united4cameroon.org\/en\/wp-json\/wp\/v2\/product"}],"about":[{"href":"https:\/\/united4cameroon.org\/en\/wp-json\/wp\/v2\/types\/product"}],"wp:featuredmedia":[{"embeddable":true,"href":"https:\/\/united4cameroon.org\/en\/wp-json\/wp\/v2\/media\/148158"}],"wp:attachment":[{"href":"https:\/\/united4cameroon.org\/en\/wp-json\/wp\/v2\/media?parent=134450"}],"wp:term":[{"taxonomy":"product_brand","embeddable":true,"href":"https:\/\/united4cameroon.org\/en\/wp-json\/wp\/v2\/product_brand?post=134450"},{"taxonomy":"product_cat","embeddable":true,"href":"https:\/\/united4cameroon.org\/en\/wp-json\/wp\/v2\/product_cat?post=134450"},{"taxonomy":"product_tag","embeddable":true,"href":"https:\/\/united4cameroon.org\/en\/wp-json\/wp\/v2\/product_tag?post=134450"}],"curies":[{"name":"wp","href":"https:\/\/api.w.org\/{rel}","templated":true}]}}