{"id":134499,"date":"2021-06-03T00:34:34","date_gmt":"2021-06-03T00:34:34","guid":{"rendered":"https:\/\/united4cameroon.org\/?post_type=product&#038;p=134499"},"modified":"2021-06-09T14:32:52","modified_gmt":"2021-06-09T14:32:52","slug":"t-shirt-stop-a-la-guerre-au-noso-unisex","status":"publish","type":"product","link":"https:\/\/united4cameroon.org\/en\/product\/t-shirt-stop-a-la-guerre-au-noso-unisex\/","title":{"rendered":"STOP \u00e0 la guerre au NOSO [ Blanc ]"},"content":{"rendered":"<p>T-shirt de d\u00e9nonciation de la guerre et du g\u00e9nocide qui s\u00e9vissent dans le Nord-Ouest et le Sud-Ouest du Cameroun.<\/p>\n<p>Couleur: blanc<\/p>\n<p>Unisex<\/p>","protected":false},"excerpt":{"rendered":"<p>T-shirt de d\u00e9nonciation de la guerre et du g\u00e9nocide qui s\u00e9vissent dans le Nord-Ouest et le Sud-Ouest du Cameroun. Couleur: blanc Unisex<\/p>","protected":false},"featured_media":148164,"template":"","meta":{"give_campaign_id":0},"product_brand":[],"product_cat":[107],"product_tag":[],"class_list":{"0":"post-134499","1":"product","2":"type-product","3":"status-publish","4":"has-post-thumbnail","6":"product_cat-107","7":"product_shipping_class-108","9":"first","10":"instock","11":"shipping-taxable","12":"purchasable","13":"product-type-variable"},"_links":{"self":[{"href":"https:\/\/united4cameroon.org\/en\/wp-json\/wp\/v2\/product\/134499","targetHints":{"allow":["GET"]}}],"collection":[{"href":"https:\/\/united4cameroon.org\/en\/wp-json\/wp\/v2\/product"}],"about":[{"href":"https:\/\/united4cameroon.org\/en\/wp-json\/wp\/v2\/types\/product"}],"wp:featuredmedia":[{"embeddable":true,"href":"https:\/\/united4cameroon.org\/en\/wp-json\/wp\/v2\/media\/148164"}],"wp:attachment":[{"href":"https:\/\/united4cameroon.org\/en\/wp-json\/wp\/v2\/media?parent=134499"}],"wp:term":[{"taxonomy":"product_brand","embeddable":true,"href":"https:\/\/united4cameroon.org\/en\/wp-json\/wp\/v2\/product_brand?post=134499"},{"taxonomy":"product_cat","embeddable":true,"href":"https:\/\/united4cameroon.org\/en\/wp-json\/wp\/v2\/product_cat?post=134499"},{"taxonomy":"product_tag","embeddable":true,"href":"https:\/\/united4cameroon.org\/en\/wp-json\/wp\/v2\/product_tag?post=134499"}],"curies":[{"name":"wp","href":"https:\/\/api.w.org\/{rel}","templated":true}]}}