{"id":135909,"date":"2021-06-03T22:42:56","date_gmt":"2021-06-03T22:42:56","guid":{"rendered":"https:\/\/united4cameroon.org\/?post_type=product&#038;p=135909"},"modified":"2021-06-09T14:26:04","modified_gmt":"2021-06-09T14:26:04","slug":"non-au-gre-a-gre","status":"publish","type":"product","link":"https:\/\/united4cameroon.org\/en\/product\/non-au-gre-a-gre\/","title":{"rendered":"Non au gr\u00e9 \u00e0 gr\u00e9 [ Noir ]"},"content":{"rendered":"<p>T-shirt de d\u00e9nonciation du gr\u00e9 \u00e0 gr\u00e9<\/p>\n<p>Couleur: noir<\/p>\n<p>Unisex<\/p>","protected":false},"excerpt":{"rendered":"<p>Non au gr\u00e9 \u00e0 gr\u00e9<\/p>\n<p>Couleur: noir<\/p>\n<p>Unisex<\/p>","protected":false},"featured_media":148152,"template":"","meta":{"give_campaign_id":0},"product_brand":[],"product_cat":[107],"product_tag":[],"class_list":{"0":"post-135909","1":"product","2":"type-product","3":"status-publish","4":"has-post-thumbnail","6":"product_cat-107","7":"product_shipping_class-108","9":"first","10":"instock","11":"shipping-taxable","12":"purchasable","13":"product-type-variable"},"_links":{"self":[{"href":"https:\/\/united4cameroon.org\/en\/wp-json\/wp\/v2\/product\/135909","targetHints":{"allow":["GET"]}}],"collection":[{"href":"https:\/\/united4cameroon.org\/en\/wp-json\/wp\/v2\/product"}],"about":[{"href":"https:\/\/united4cameroon.org\/en\/wp-json\/wp\/v2\/types\/product"}],"wp:featuredmedia":[{"embeddable":true,"href":"https:\/\/united4cameroon.org\/en\/wp-json\/wp\/v2\/media\/148152"}],"wp:attachment":[{"href":"https:\/\/united4cameroon.org\/en\/wp-json\/wp\/v2\/media?parent=135909"}],"wp:term":[{"taxonomy":"product_brand","embeddable":true,"href":"https:\/\/united4cameroon.org\/en\/wp-json\/wp\/v2\/product_brand?post=135909"},{"taxonomy":"product_cat","embeddable":true,"href":"https:\/\/united4cameroon.org\/en\/wp-json\/wp\/v2\/product_cat?post=135909"},{"taxonomy":"product_tag","embeddable":true,"href":"https:\/\/united4cameroon.org\/en\/wp-json\/wp\/v2\/product_tag?post=135909"}],"curies":[{"name":"wp","href":"https:\/\/api.w.org\/{rel}","templated":true}]}}